{"id":681,"date":"2025-05-19T10:23:28","date_gmt":"2025-05-19T14:23:28","guid":{"rendered":"https:\/\/reachouthallco.org\/politica-de-privacidad\/"},"modified":"2025-06-03T08:51:11","modified_gmt":"2025-06-03T12:51:11","slug":"politica-de-privacidad","status":"publish","type":"page","link":"https:\/\/reachouthallco.org\/es\/politica-de-privacidad\/","title":{"rendered":"Pol\u00edtica de privacidad"},"content":{"rendered":"\t\t<div data-elementor-type=\"wp-page\" data-elementor-id=\"681\" class=\"elementor elementor-681 elementor-375\" data-elementor-post-type=\"page\">\n\t\t\t\t<div class=\"elementor-element elementor-element-1687ac52 e-con-full e-flex e-con e-parent\" data-id=\"1687ac52\" data-element_type=\"container\" data-e-type=\"container\">\n\t\t<div class=\"elementor-element elementor-element-12f00406 e-con-full e-flex e-con e-child\" data-id=\"12f00406\" data-element_type=\"container\" data-e-type=\"container\" data-settings=\"{&quot;background_background&quot;:&quot;classic&quot;}\">\n\t\t<div class=\"elementor-element elementor-element-ff8efdc e-flex e-con-boxed e-con e-child\" data-id=\"ff8efdc\" data-element_type=\"container\" data-e-type=\"container\">\n\t\t\t\t\t<div class=\"e-con-inner\">\n\t\t\t\t\t<\/div>\n\t\t\t\t<\/div>\n\t\t\t\t<\/div>\n\t\t\t\t<\/div>\n\t\t<div class=\"elementor-element elementor-element-3b5998f e-flex e-con-boxed e-con e-parent\" data-id=\"3b5998f\" data-element_type=\"container\" data-e-type=\"container\">\n\t\t\t\t\t<div class=\"e-con-inner\">\n\t\t\t\t<div class=\"elementor-element elementor-element-a574d6f elementor-widget elementor-widget-text-editor\" data-id=\"a574d6f\" data-element_type=\"widget\" data-e-type=\"widget\" data-widget_type=\"text-editor.default\">\n\t\t\t\t<div class=\"elementor-widget-container\">\n\t\t\t\t\t\t\t\t\t<div data-aos=\"fade-up\"><p>Tu privacidad es importante para nosotros. La pol\u00edtica de United Way es respetar tu privacidad con respecto a cualquier informaci\u00f3n que podamos recopilar de ti a trav\u00e9s de nuestro sitio web, <a href=\"https:\/\/www.jaemorfarms.com\/\">https:\/\/reachouthallco.org\/,<\/a> y otros sitios que poseemos y gestionamos. <\/p><p>S\u00f3lo solicitamos informaci\u00f3n personal cuando realmente la necesitamos para prestarte un servicio. La recopilamos por medios justos y legales, con tu conocimiento y consentimiento. Tambi\u00e9n te hacemos saber por qu\u00e9 la recogemos y c\u00f3mo se utilizar\u00e1.  <\/p><p>S\u00f3lo conservamos la informaci\u00f3n recopilada durante el tiempo necesario para prestarte el servicio solicitado. Los datos que almacenemos, los protegeremos con medios comercialmente aceptables para evitar p\u00e9rdidas y robos, as\u00ed como el acceso, la divulgaci\u00f3n, la copia, el uso o la modificaci\u00f3n no autorizados. <\/p><p>No compartimos ninguna informaci\u00f3n de identificaci\u00f3n personal p\u00fablicamente ni con terceros, excepto cuando lo exige la ley.<\/p><p>Nuestro sitio web puede enlazar con sitios externos no gestionados por nosotros. Ten en cuenta que no tenemos control sobre el contenido y las pr\u00e1cticas de estos sitios, y no podemos aceptar responsabilidad alguna por sus respectivas pol\u00edticas de privacidad. <\/p><p>Eres libre de rechazar nuestra solicitud de tus datos personales, entendiendo que es posible que no podamos prestarte algunos de los servicios que deseas.<\/p><p>Tu uso continuado de nuestro sitio web se considerar\u00e1 como aceptaci\u00f3n de nuestras pr\u00e1cticas en torno a la privacidad y la informaci\u00f3n personal. Si tienes alguna pregunta sobre c\u00f3mo tratamos los datos de los usuarios y la informaci\u00f3n personal, no dudes en ponerte en contacto con nosotros. <\/p><p>Esta pol\u00edtica entra en vigor el 19 de mayo de 2025.<\/p><\/div>\t\t\t\t\t\t\t\t<\/div>\n\t\t\t\t<\/div>\n\t\t\t\t\t<\/div>\n\t\t\t\t<\/div>\n\t\t\t\t<\/div>\n\t\t","protected":false},"excerpt":{"rendered":"<p>Tu privacidad es importante para nosotros. La pol\u00edtica de United Way es respetar tu privacidad con respecto a cualquier informaci\u00f3n que podamos recopilar de ti a trav\u00e9s de nuestro sitio [&hellip;]<\/p>\n","protected":false},"author":1,"featured_media":0,"parent":0,"menu_order":0,"comment_status":"closed","ping_status":"closed","template":"","meta":{"footnotes":""},"class_list":["post-681","page","type-page","status-publish","hentry"],"yoast_head":"<!-- This site is optimized with the Yoast SEO plugin v27.1.1 - https:\/\/yoast.com\/product\/yoast-seo-wordpress\/ -->\n<title>Pol\u00edtica de privacidad - Reach Out Hall County<\/title>\n<meta name=\"robots\" content=\"index, follow, max-snippet:-1, max-image-preview:large, max-video-preview:-1\" \/>\n<link rel=\"canonical\" href=\"https:\/\/reachouthallco.org\/es\/politica-de-privacidad\/\" \/>\n<meta property=\"og:locale\" content=\"es_ES\" \/>\n<meta property=\"og:type\" content=\"article\" \/>\n<meta property=\"og:title\" content=\"Pol\u00edtica de privacidad - Reach Out Hall County\" \/>\n<meta property=\"og:description\" content=\"Tu privacidad es importante para nosotros. La pol\u00edtica de United Way es respetar tu privacidad con respecto a cualquier informaci\u00f3n que podamos recopilar de ti a trav\u00e9s de nuestro sitio [&hellip;]\" \/>\n<meta property=\"og:url\" content=\"https:\/\/reachouthallco.org\/es\/politica-de-privacidad\/\" \/>\n<meta property=\"og:site_name\" content=\"Reach Out Hall County\" \/>\n<meta property=\"article:modified_time\" content=\"2025-06-03T12:51:11+00:00\" \/>\n<meta name=\"twitter:card\" content=\"summary_large_image\" \/>\n<meta name=\"twitter:label1\" content=\"Est. reading time\" \/>\n\t<meta name=\"twitter:data1\" content=\"1 minuto\" \/>\n<script type=\"application\/ld+json\" class=\"yoast-schema-graph\">{\"@context\":\"https:\/\/schema.org\",\"@graph\":[{\"@type\":\"WebPage\",\"@id\":\"https:\/\/reachouthallco.org\/es\/politica-de-privacidad\/\",\"url\":\"https:\/\/reachouthallco.org\/es\/politica-de-privacidad\/\",\"name\":\"Pol\u00edtica de privacidad - Reach Out Hall County\",\"isPartOf\":{\"@id\":\"https:\/\/reachouthallco.org\/es\/#website\"},\"datePublished\":\"2025-05-19T14:23:28+00:00\",\"dateModified\":\"2025-06-03T12:51:11+00:00\",\"breadcrumb\":{\"@id\":\"https:\/\/reachouthallco.org\/es\/politica-de-privacidad\/#breadcrumb\"},\"inLanguage\":\"es\",\"potentialAction\":[{\"@type\":\"ReadAction\",\"target\":[\"https:\/\/reachouthallco.org\/es\/politica-de-privacidad\/\"]}]},{\"@type\":\"BreadcrumbList\",\"@id\":\"https:\/\/reachouthallco.org\/es\/politica-de-privacidad\/#breadcrumb\",\"itemListElement\":[{\"@type\":\"ListItem\",\"position\":1,\"name\":\"Home\",\"item\":\"https:\/\/reachouthallco.org\/es\/\"},{\"@type\":\"ListItem\",\"position\":2,\"name\":\"Pol\u00edtica de privacidad\"}]},{\"@type\":\"WebSite\",\"@id\":\"https:\/\/reachouthallco.org\/es\/#website\",\"url\":\"https:\/\/reachouthallco.org\/es\/\",\"name\":\"Reach Out Hall County\",\"description\":\"\",\"publisher\":{\"@id\":\"https:\/\/reachouthallco.org\/es\/#organization\"},\"potentialAction\":[{\"@type\":\"SearchAction\",\"target\":{\"@type\":\"EntryPoint\",\"urlTemplate\":\"https:\/\/reachouthallco.org\/es\/?s={search_term_string}\"},\"query-input\":{\"@type\":\"PropertyValueSpecification\",\"valueRequired\":true,\"valueName\":\"search_term_string\"}}],\"inLanguage\":\"es\"},{\"@type\":\"Organization\",\"@id\":\"https:\/\/reachouthallco.org\/es\/#organization\",\"name\":\"United Way of Hall County\",\"url\":\"https:\/\/reachouthallco.org\/es\/\",\"logo\":{\"@type\":\"ImageObject\",\"inLanguage\":\"es\",\"@id\":\"https:\/\/reachouthallco.org\/es\/#\/schema\/logo\/image\/\",\"url\":\"https:\/\/reachouthallco.org\/wp-content\/uploads\/2025\/04\/reach-out-full-color.png\",\"contentUrl\":\"https:\/\/reachouthallco.org\/wp-content\/uploads\/2025\/04\/reach-out-full-color.png\",\"width\":1756,\"height\":412,\"caption\":\"United Way of Hall County\"},\"image\":{\"@id\":\"https:\/\/reachouthallco.org\/es\/#\/schema\/logo\/image\/\"}}]}<\/script>\n<!-- \/ Yoast SEO plugin. -->","yoast_head_json":{"title":"Pol\u00edtica de privacidad - Reach Out Hall County","robots":{"index":"index","follow":"follow","max-snippet":"max-snippet:-1","max-image-preview":"max-image-preview:large","max-video-preview":"max-video-preview:-1"},"canonical":"https:\/\/reachouthallco.org\/es\/politica-de-privacidad\/","og_locale":"es_ES","og_type":"article","og_title":"Pol\u00edtica de privacidad - Reach Out Hall County","og_description":"Tu privacidad es importante para nosotros. La pol\u00edtica de United Way es respetar tu privacidad con respecto a cualquier informaci\u00f3n que podamos recopilar de ti a trav\u00e9s de nuestro sitio [&hellip;]","og_url":"https:\/\/reachouthallco.org\/es\/politica-de-privacidad\/","og_site_name":"Reach Out Hall County","article_modified_time":"2025-06-03T12:51:11+00:00","twitter_card":"summary_large_image","twitter_misc":{"Est. reading time":"1 minuto"},"schema":{"@context":"https:\/\/schema.org","@graph":[{"@type":"WebPage","@id":"https:\/\/reachouthallco.org\/es\/politica-de-privacidad\/","url":"https:\/\/reachouthallco.org\/es\/politica-de-privacidad\/","name":"Pol\u00edtica de privacidad - Reach Out Hall County","isPartOf":{"@id":"https:\/\/reachouthallco.org\/es\/#website"},"datePublished":"2025-05-19T14:23:28+00:00","dateModified":"2025-06-03T12:51:11+00:00","breadcrumb":{"@id":"https:\/\/reachouthallco.org\/es\/politica-de-privacidad\/#breadcrumb"},"inLanguage":"es","potentialAction":[{"@type":"ReadAction","target":["https:\/\/reachouthallco.org\/es\/politica-de-privacidad\/"]}]},{"@type":"BreadcrumbList","@id":"https:\/\/reachouthallco.org\/es\/politica-de-privacidad\/#breadcrumb","itemListElement":[{"@type":"ListItem","position":1,"name":"Home","item":"https:\/\/reachouthallco.org\/es\/"},{"@type":"ListItem","position":2,"name":"Pol\u00edtica de privacidad"}]},{"@type":"WebSite","@id":"https:\/\/reachouthallco.org\/es\/#website","url":"https:\/\/reachouthallco.org\/es\/","name":"Reach Out Hall County","description":"","publisher":{"@id":"https:\/\/reachouthallco.org\/es\/#organization"},"potentialAction":[{"@type":"SearchAction","target":{"@type":"EntryPoint","urlTemplate":"https:\/\/reachouthallco.org\/es\/?s={search_term_string}"},"query-input":{"@type":"PropertyValueSpecification","valueRequired":true,"valueName":"search_term_string"}}],"inLanguage":"es"},{"@type":"Organization","@id":"https:\/\/reachouthallco.org\/es\/#organization","name":"United Way of Hall County","url":"https:\/\/reachouthallco.org\/es\/","logo":{"@type":"ImageObject","inLanguage":"es","@id":"https:\/\/reachouthallco.org\/es\/#\/schema\/logo\/image\/","url":"https:\/\/reachouthallco.org\/wp-content\/uploads\/2025\/04\/reach-out-full-color.png","contentUrl":"https:\/\/reachouthallco.org\/wp-content\/uploads\/2025\/04\/reach-out-full-color.png","width":1756,"height":412,"caption":"United Way of Hall County"},"image":{"@id":"https:\/\/reachouthallco.org\/es\/#\/schema\/logo\/image\/"}}]}},"_links":{"self":[{"href":"https:\/\/reachouthallco.org\/es\/wp-json\/wp\/v2\/pages\/681","targetHints":{"allow":["GET"]}}],"collection":[{"href":"https:\/\/reachouthallco.org\/es\/wp-json\/wp\/v2\/pages"}],"about":[{"href":"https:\/\/reachouthallco.org\/es\/wp-json\/wp\/v2\/types\/page"}],"author":[{"embeddable":true,"href":"https:\/\/reachouthallco.org\/es\/wp-json\/wp\/v2\/users\/1"}],"replies":[{"embeddable":true,"href":"https:\/\/reachouthallco.org\/es\/wp-json\/wp\/v2\/comments?post=681"}],"version-history":[{"count":0,"href":"https:\/\/reachouthallco.org\/es\/wp-json\/wp\/v2\/pages\/681\/revisions"}],"wp:attachment":[{"href":"https:\/\/reachouthallco.org\/es\/wp-json\/wp\/v2\/media?parent=681"}],"curies":[{"name":"wp","href":"https:\/\/api.w.org\/{rel}","templated":true}]}}