{"id":677,"date":"2025-05-19T12:31:41","date_gmt":"2025-05-19T16:31:41","guid":{"rendered":"https:\/\/reachouthallco.org\/mapa-del-sitio\/"},"modified":"2025-06-03T08:51:10","modified_gmt":"2025-06-03T12:51:10","slug":"mapa-del-sitio","status":"publish","type":"page","link":"https:\/\/reachouthallco.org\/es\/mapa-del-sitio\/","title":{"rendered":"Mapa del sitio"},"content":{"rendered":"\t\t<div data-elementor-type=\"wp-page\" data-elementor-id=\"677\" class=\"elementor elementor-677 elementor-382\" data-elementor-post-type=\"page\">\n\t\t\t\t<div class=\"elementor-element elementor-element-68f1bb26 e-con-full e-flex e-con e-parent\" data-id=\"68f1bb26\" data-element_type=\"container\" data-e-type=\"container\">\n\t\t<div class=\"elementor-element elementor-element-dca41b2 e-con-full e-flex e-con e-child\" data-id=\"dca41b2\" data-element_type=\"container\" data-e-type=\"container\" data-settings=\"{&quot;background_background&quot;:&quot;classic&quot;}\">\n\t\t<div class=\"elementor-element elementor-element-2cccdc70 e-flex e-con-boxed e-con e-child\" data-id=\"2cccdc70\" data-element_type=\"container\" data-e-type=\"container\">\n\t\t\t\t\t<div class=\"e-con-inner\">\n\t\t\t\t\t<\/div>\n\t\t\t\t<\/div>\n\t\t\t\t<\/div>\n\t\t\t\t<\/div>\n\t\t<div class=\"elementor-element elementor-element-2e5cd06 e-flex e-con-boxed e-con e-parent\" data-id=\"2e5cd06\" data-element_type=\"container\" data-e-type=\"container\">\n\t\t\t\t\t<div class=\"e-con-inner\">\n\t\t\t\t<div class=\"elementor-element elementor-element-cc70ad2 elementor-widget elementor-widget-text-editor\" data-id=\"cc70ad2\" data-element_type=\"widget\" data-e-type=\"widget\" data-widget_type=\"text-editor.default\">\n\t\t\t\t<div class=\"elementor-widget-container\">\n\t\t\t\t\t\t\t\t\t<ul><li><span style=\"text-decoration: underline;\"><a href=\"\/\">Inicio<\/a><\/span><\/li><li><span style=\"text-decoration: underline;\"><a href=\"https:\/\/reachouthallco.org\/es\/?page_id=658\">Qui\u00e9nes somos<\/a><\/span><ul><li><span style=\"text-decoration: underline;\"><a href=\"https:\/\/reachouthallco.org\/es\/?page_id=659\">Salud mental<\/a><\/span><\/li><li><span style=\"text-decoration: underline;\"><a href=\"https:\/\/reachouthallco.org\/es\/?page_id=661\">Estilos de vida saludables<\/a><\/span><\/li><li><span style=\"text-decoration: underline;\"><a href=\"https:\/\/reachouthallco.org\/es\/?page_id=660\">Abuso de sustancias<\/a><\/span><\/li><li><span style=\"text-decoration: underline;\"><a href=\"https:\/\/reachouthallco.org\/es\/?page_id=663\">Prevenci\u00f3n del suicidio<\/a><\/span><\/li><\/ul><\/li><li><span style=\"text-decoration: underline;\"><a href=\"https:\/\/reachouthallco.org\/es\/?page_id=657\">Educaci\u00f3n<\/a><\/span><ul><li><span style=\"text-decoration: underline;\"><a href=\"https:\/\/reachouthallco.org\/es\/?page_id=662\">Formaci\u00f3n en Primeros Auxilios en Salud Mental<\/a><\/span><\/li><li><span style=\"text-decoration: underline;\"><a href=\"https:\/\/reachouthallco.org\/es\/?page_id=664\">Formaci\u00f3n QPR<\/a><\/span><\/li><li><span style=\"text-decoration: underline;\"><a href=\"https:\/\/reachouthallco.org\/es\/?page_id=665\">Oficina del Orador<\/a><\/span><ul><li><span style=\"text-decoration: underline;\"><a href=\"https:\/\/reachouthallco.org\/es\/?page_id=674\">Confirmaci\u00f3n de solicitud de ponente<\/a><\/span><\/li><\/ul><\/li><li><span style=\"text-decoration: underline;\"><a href=\"https:\/\/reachouthallco.org\/es\/?page_id=655\">Recursos<\/a><\/span><ul><li><span style=\"text-decoration: underline;\"><a href=\"https:\/\/reachouthallco.org\/es\/?page_id=666\">Ni\u00f1os<\/a><\/span><\/li><li><span style=\"text-decoration: underline;\"><a href=\"https:\/\/reachouthallco.org\/es\/?page_id=668\">Adolescentes<\/a><\/span><\/li><li><span style=\"text-decoration: underline;\"><a href=\"https:\/\/reachouthallco.org\/es\/?page_id=667\">Adultos y mano de obra<\/a><\/span><\/li><li><span style=\"text-decoration: underline;\"><a href=\"https:\/\/reachouthallco.org\/es\/?page_id=673\">Mayores y cuidadores<\/a><\/span><\/li><li><span style=\"text-decoration: underline;\"><a href=\"https:\/\/reachouthallco.org\/es\/?page_id=669\">Blog<\/a><\/span><\/li><li><span style=\"text-decoration: underline;\"><a href=\"https:\/\/reachouthallco.org\/es\/?page_id=671\">Biblioteca de recursos<\/a><\/span><ul><li><span style=\"text-decoration: underline;\"><a href=\"https:\/\/reachouthallco.org\/es\/?page_id=676\">Materiales<\/a><\/span><\/li><li><span style=\"text-decoration: underline;\"><a href=\"https:\/\/reachouthallco.org\/es\/?page_id=670\">Informe acumulativo<\/a><\/span><\/li><li><span style=\"text-decoration: underline;\"><a href=\"https:\/\/reachouthallco.org\/es\/?page_id=672\">Videoteca<\/a><\/span><ul><li><span style=\"text-decoration: underline;\"><a href=\"https:\/\/reachouthallco.org\/es\/videoteca\/debates-de-expertos\/\">Debates de expertos<\/a><\/span><\/li><li><span style=\"text-decoration: underline;\"><a href=\"https:\/\/reachouthallco.org\/resources\/resource-library\/video-library\/community-testimonials\/\">Testimonios de la comunidad<\/a><\/span><\/li><li><span style=\"text-decoration: underline;\"><a href=\"https:\/\/reachouthallco.org\/es\/?page_id=678\">V\u00eddeos para adolescentes<\/a><\/span><\/li><li><span style=\"text-decoration: underline;\"><a href=\"https:\/\/reachouthallco.org\/es\/?page_id=675\">Recursos de salud mental<\/a><\/span><\/li><\/ul><\/li><li><span style=\"text-decoration: underline;\"><a href=\"https:\/\/reachouthallco.org\/es\/?page_id=656\">Socios comunitarios<\/a><\/span><\/li><\/ul><\/li><\/ul><\/li><\/ul><\/li><\/ul>\t\t\t\t\t\t\t\t<\/div>\n\t\t\t\t<\/div>\n\t\t\t\t\t<\/div>\n\t\t\t\t<\/div>\n\t\t\t\t<\/div>\n\t\t","protected":false},"excerpt":{"rendered":"<p>Inicio Qui\u00e9nes somos Salud mental Estilos de vida saludables Abuso de sustancias Prevenci\u00f3n del suicidio Educaci\u00f3n Formaci\u00f3n en Primeros Auxilios en Salud Mental Formaci\u00f3n QPR Oficina del Orador Confirmaci\u00f3n de [&hellip;]<\/p>\n","protected":false},"author":1,"featured_media":0,"parent":0,"menu_order":0,"comment_status":"closed","ping_status":"closed","template":"","meta":{"footnotes":""},"class_list":["post-677","page","type-page","status-publish","hentry"],"yoast_head":"<!-- This site is optimized with the Yoast SEO plugin v27.1.1 - https:\/\/yoast.com\/product\/yoast-seo-wordpress\/ -->\n<title>Mapa del sitio - Reach Out Hall County<\/title>\n<meta name=\"robots\" content=\"index, follow, max-snippet:-1, max-image-preview:large, max-video-preview:-1\" \/>\n<link rel=\"canonical\" href=\"https:\/\/reachouthallco.org\/es\/mapa-del-sitio\/\" \/>\n<meta property=\"og:locale\" content=\"es_ES\" \/>\n<meta property=\"og:type\" content=\"article\" \/>\n<meta property=\"og:title\" content=\"Mapa del sitio - Reach Out Hall County\" \/>\n<meta property=\"og:description\" content=\"Inicio Qui\u00e9nes somos Salud mental Estilos de vida saludables Abuso de sustancias Prevenci\u00f3n del suicidio Educaci\u00f3n Formaci\u00f3n en Primeros Auxilios en Salud Mental Formaci\u00f3n QPR Oficina del Orador Confirmaci\u00f3n de [&hellip;]\" \/>\n<meta property=\"og:url\" content=\"https:\/\/reachouthallco.org\/es\/mapa-del-sitio\/\" \/>\n<meta property=\"og:site_name\" content=\"Reach Out Hall County\" \/>\n<meta property=\"article:modified_time\" content=\"2025-06-03T12:51:10+00:00\" \/>\n<meta name=\"twitter:card\" content=\"summary_large_image\" \/>\n<script type=\"application\/ld+json\" class=\"yoast-schema-graph\">{\"@context\":\"https:\/\/schema.org\",\"@graph\":[{\"@type\":\"WebPage\",\"@id\":\"https:\/\/reachouthallco.org\/es\/mapa-del-sitio\/\",\"url\":\"https:\/\/reachouthallco.org\/es\/mapa-del-sitio\/\",\"name\":\"Mapa del sitio - Reach Out Hall County\",\"isPartOf\":{\"@id\":\"https:\/\/reachouthallco.org\/es\/#website\"},\"datePublished\":\"2025-05-19T16:31:41+00:00\",\"dateModified\":\"2025-06-03T12:51:10+00:00\",\"breadcrumb\":{\"@id\":\"https:\/\/reachouthallco.org\/es\/mapa-del-sitio\/#breadcrumb\"},\"inLanguage\":\"es\",\"potentialAction\":[{\"@type\":\"ReadAction\",\"target\":[\"https:\/\/reachouthallco.org\/es\/mapa-del-sitio\/\"]}]},{\"@type\":\"BreadcrumbList\",\"@id\":\"https:\/\/reachouthallco.org\/es\/mapa-del-sitio\/#breadcrumb\",\"itemListElement\":[{\"@type\":\"ListItem\",\"position\":1,\"name\":\"Home\",\"item\":\"https:\/\/reachouthallco.org\/es\/\"},{\"@type\":\"ListItem\",\"position\":2,\"name\":\"Mapa del sitio\"}]},{\"@type\":\"WebSite\",\"@id\":\"https:\/\/reachouthallco.org\/es\/#website\",\"url\":\"https:\/\/reachouthallco.org\/es\/\",\"name\":\"Reach Out Hall County\",\"description\":\"\",\"publisher\":{\"@id\":\"https:\/\/reachouthallco.org\/es\/#organization\"},\"potentialAction\":[{\"@type\":\"SearchAction\",\"target\":{\"@type\":\"EntryPoint\",\"urlTemplate\":\"https:\/\/reachouthallco.org\/es\/?s={search_term_string}\"},\"query-input\":{\"@type\":\"PropertyValueSpecification\",\"valueRequired\":true,\"valueName\":\"search_term_string\"}}],\"inLanguage\":\"es\"},{\"@type\":\"Organization\",\"@id\":\"https:\/\/reachouthallco.org\/es\/#organization\",\"name\":\"United Way of Hall County\",\"url\":\"https:\/\/reachouthallco.org\/es\/\",\"logo\":{\"@type\":\"ImageObject\",\"inLanguage\":\"es\",\"@id\":\"https:\/\/reachouthallco.org\/es\/#\/schema\/logo\/image\/\",\"url\":\"https:\/\/reachouthallco.org\/wp-content\/uploads\/2025\/04\/reach-out-full-color.png\",\"contentUrl\":\"https:\/\/reachouthallco.org\/wp-content\/uploads\/2025\/04\/reach-out-full-color.png\",\"width\":1756,\"height\":412,\"caption\":\"United Way of Hall County\"},\"image\":{\"@id\":\"https:\/\/reachouthallco.org\/es\/#\/schema\/logo\/image\/\"}}]}<\/script>\n<!-- \/ Yoast SEO plugin. -->","yoast_head_json":{"title":"Mapa del sitio - Reach Out Hall County","robots":{"index":"index","follow":"follow","max-snippet":"max-snippet:-1","max-image-preview":"max-image-preview:large","max-video-preview":"max-video-preview:-1"},"canonical":"https:\/\/reachouthallco.org\/es\/mapa-del-sitio\/","og_locale":"es_ES","og_type":"article","og_title":"Mapa del sitio - Reach Out Hall County","og_description":"Inicio Qui\u00e9nes somos Salud mental Estilos de vida saludables Abuso de sustancias Prevenci\u00f3n del suicidio Educaci\u00f3n Formaci\u00f3n en Primeros Auxilios en Salud Mental Formaci\u00f3n QPR Oficina del Orador Confirmaci\u00f3n de [&hellip;]","og_url":"https:\/\/reachouthallco.org\/es\/mapa-del-sitio\/","og_site_name":"Reach Out Hall County","article_modified_time":"2025-06-03T12:51:10+00:00","twitter_card":"summary_large_image","schema":{"@context":"https:\/\/schema.org","@graph":[{"@type":"WebPage","@id":"https:\/\/reachouthallco.org\/es\/mapa-del-sitio\/","url":"https:\/\/reachouthallco.org\/es\/mapa-del-sitio\/","name":"Mapa del sitio - Reach Out Hall County","isPartOf":{"@id":"https:\/\/reachouthallco.org\/es\/#website"},"datePublished":"2025-05-19T16:31:41+00:00","dateModified":"2025-06-03T12:51:10+00:00","breadcrumb":{"@id":"https:\/\/reachouthallco.org\/es\/mapa-del-sitio\/#breadcrumb"},"inLanguage":"es","potentialAction":[{"@type":"ReadAction","target":["https:\/\/reachouthallco.org\/es\/mapa-del-sitio\/"]}]},{"@type":"BreadcrumbList","@id":"https:\/\/reachouthallco.org\/es\/mapa-del-sitio\/#breadcrumb","itemListElement":[{"@type":"ListItem","position":1,"name":"Home","item":"https:\/\/reachouthallco.org\/es\/"},{"@type":"ListItem","position":2,"name":"Mapa del sitio"}]},{"@type":"WebSite","@id":"https:\/\/reachouthallco.org\/es\/#website","url":"https:\/\/reachouthallco.org\/es\/","name":"Reach Out Hall County","description":"","publisher":{"@id":"https:\/\/reachouthallco.org\/es\/#organization"},"potentialAction":[{"@type":"SearchAction","target":{"@type":"EntryPoint","urlTemplate":"https:\/\/reachouthallco.org\/es\/?s={search_term_string}"},"query-input":{"@type":"PropertyValueSpecification","valueRequired":true,"valueName":"search_term_string"}}],"inLanguage":"es"},{"@type":"Organization","@id":"https:\/\/reachouthallco.org\/es\/#organization","name":"United Way of Hall County","url":"https:\/\/reachouthallco.org\/es\/","logo":{"@type":"ImageObject","inLanguage":"es","@id":"https:\/\/reachouthallco.org\/es\/#\/schema\/logo\/image\/","url":"https:\/\/reachouthallco.org\/wp-content\/uploads\/2025\/04\/reach-out-full-color.png","contentUrl":"https:\/\/reachouthallco.org\/wp-content\/uploads\/2025\/04\/reach-out-full-color.png","width":1756,"height":412,"caption":"United Way of Hall County"},"image":{"@id":"https:\/\/reachouthallco.org\/es\/#\/schema\/logo\/image\/"}}]}},"_links":{"self":[{"href":"https:\/\/reachouthallco.org\/es\/wp-json\/wp\/v2\/pages\/677","targetHints":{"allow":["GET"]}}],"collection":[{"href":"https:\/\/reachouthallco.org\/es\/wp-json\/wp\/v2\/pages"}],"about":[{"href":"https:\/\/reachouthallco.org\/es\/wp-json\/wp\/v2\/types\/page"}],"author":[{"embeddable":true,"href":"https:\/\/reachouthallco.org\/es\/wp-json\/wp\/v2\/users\/1"}],"replies":[{"embeddable":true,"href":"https:\/\/reachouthallco.org\/es\/wp-json\/wp\/v2\/comments?post=677"}],"version-history":[{"count":0,"href":"https:\/\/reachouthallco.org\/es\/wp-json\/wp\/v2\/pages\/677\/revisions"}],"wp:attachment":[{"href":"https:\/\/reachouthallco.org\/es\/wp-json\/wp\/v2\/media?parent=677"}],"curies":[{"name":"wp","href":"https:\/\/api.w.org\/{rel}","templated":true}]}}