{"id":671,"date":"2025-04-09T17:07:50","date_gmt":"2025-04-09T21:07:50","guid":{"rendered":"https:\/\/reachouthallco.org\/recursos\/biblioteca-de-recursos\/"},"modified":"2025-06-04T09:38:01","modified_gmt":"2025-06-04T13:38:01","slug":"biblioteca-de-recursos","status":"publish","type":"page","link":"https:\/\/reachouthallco.org\/es\/recursos\/biblioteca-de-recursos\/","title":{"rendered":"Biblioteca de recursos"},"content":{"rendered":"\t\t<div data-elementor-type=\"wp-page\" data-elementor-id=\"671\" class=\"elementor elementor-671 elementor-44\" data-elementor-post-type=\"page\">\n\t\t\t\t<div class=\"elementor-element elementor-element-5c8aae77 e-con-full e-flex e-con e-parent\" data-id=\"5c8aae77\" data-element_type=\"container\" data-e-type=\"container\">\n\t\t<div class=\"elementor-element elementor-element-2c001b2f e-con-full e-flex e-con e-child\" data-id=\"2c001b2f\" data-element_type=\"container\" data-e-type=\"container\" data-settings=\"{&quot;background_background&quot;:&quot;classic&quot;}\">\n\t\t<div class=\"elementor-element elementor-element-72451375 e-flex e-con-boxed e-con e-child\" data-id=\"72451375\" data-element_type=\"container\" data-e-type=\"container\">\n\t\t\t\t\t<div class=\"e-con-inner\">\n\t\t\t\t\t<\/div>\n\t\t\t\t<\/div>\n\t\t\t\t<\/div>\n\t\t\t\t<\/div>\n\t\t<div class=\"elementor-element elementor-element-dae375a e-flex e-con-boxed e-con e-parent\" data-id=\"dae375a\" data-element_type=\"container\" data-e-type=\"container\">\n\t\t\t\t\t<div class=\"e-con-inner\">\n\t\t\t\t<div class=\"elementor-element elementor-element-b7bd47f elementor-widget elementor-widget-text-editor\" data-id=\"b7bd47f\" data-element_type=\"widget\" data-e-type=\"widget\" data-widget_type=\"text-editor.default\">\n\t\t\t\t<div class=\"elementor-widget-container\">\n\t\t\t\t\t\t\t\t\t<p><span style=\"font-weight: 400;\">Encuentra recursos que t\u00fa o tu organizaci\u00f3n pod\u00e1is utilizar para apoyar el bienestar mental.<\/span><\/p>\t\t\t\t\t\t\t\t<\/div>\n\t\t\t\t<\/div>\n\t\t\t\t\t<\/div>\n\t\t\t\t<\/div>\n\t\t<div class=\"elementor-element elementor-element-2b015d8f e-flex e-con-boxed e-con e-parent\" data-id=\"2b015d8f\" data-element_type=\"container\" data-e-type=\"container\">\n\t\t\t\t\t<div class=\"e-con-inner\">\n\t\t<a class=\"elementor-element elementor-element-79397e6d e-con-full cta-small e-flex e-con e-child\" data-id=\"79397e6d\" data-element_type=\"container\" data-e-type=\"container\" href=\"https:\/\/reachouthallco.org\/es\/recursos\/biblioteca-de-recursos\/materiales\/\">\n\t\t\t\t<div class=\"elementor-element elementor-element-2994ca23 elementor-widget elementor-widget-image\" data-id=\"2994ca23\" data-element_type=\"widget\" data-e-type=\"widget\" data-widget_type=\"image.default\">\n\t\t\t\t<div class=\"elementor-widget-container\">\n\t\t\t\t\t\t\t\t\t\t\t\t\t\t\t<img fetchpriority=\"high\" decoding=\"async\" width=\"768\" height=\"768\" src=\"https:\/\/reachouthallco.org\/wp-content\/uploads\/2025\/05\/nghs-mental-health-uw-mental-health-month-ig-post-1080x1080-2024-04-26-768x768.png\" class=\"attachment-medium_large size-medium_large wp-image-595\" alt=\"\" srcset=\"https:\/\/reachouthallco.org\/wp-content\/uploads\/2025\/05\/nghs-mental-health-uw-mental-health-month-ig-post-1080x1080-2024-04-26-768x768.png 768w, https:\/\/reachouthallco.org\/wp-content\/uploads\/2025\/05\/nghs-mental-health-uw-mental-health-month-ig-post-1080x1080-2024-04-26-300x300.png 300w, https:\/\/reachouthallco.org\/wp-content\/uploads\/2025\/05\/nghs-mental-health-uw-mental-health-month-ig-post-1080x1080-2024-04-26-1024x1024.png 1024w, https:\/\/reachouthallco.org\/wp-content\/uploads\/2025\/05\/nghs-mental-health-uw-mental-health-month-ig-post-1080x1080-2024-04-26-150x150.png 150w, https:\/\/reachouthallco.org\/wp-content\/uploads\/2025\/05\/nghs-mental-health-uw-mental-health-month-ig-post-1080x1080-2024-04-26.png 1080w\" sizes=\"(max-width: 768px) 100vw, 768px\" \/>\t\t\t\t\t\t\t\t\t\t\t\t\t\t\t<\/div>\n\t\t\t\t<\/div>\n\t\t\t\t<div class=\"elementor-element elementor-element-3a995428 elementor-view-default elementor-widget elementor-widget-icon\" data-id=\"3a995428\" data-element_type=\"widget\" data-e-type=\"widget\" data-widget_type=\"icon.default\">\n\t\t\t\t<div class=\"elementor-widget-container\">\n\t\t\t\t\t\t\t<div class=\"elementor-icon-wrapper\">\n\t\t\t<div class=\"elementor-icon\">\n\t\t\t<svg aria-hidden=\"true\" class=\"e-font-icon-svg e-fas-arrow-circle-right\" viewBox=\"0 0 512 512\" xmlns=\"http:\/\/www.w3.org\/2000\/svg\"><path d=\"M256 8c137 0 248 111 248 248S393 504 256 504 8 393 8 256 119 8 256 8zm-28.9 143.6l75.5 72.4H120c-13.3 0-24 10.7-24 24v16c0 13.3 10.7 24 24 24h182.6l-75.5 72.4c-9.7 9.3-9.9 24.8-.4 34.3l11 10.9c9.4 9.4 24.6 9.4 33.9 0L404.3 273c9.4-9.4 9.4-24.6 0-33.9L271.6 106.3c-9.4-9.4-24.6-9.4-33.9 0l-11 10.9c-9.5 9.6-9.3 25.1.4 34.4z\"><\/path><\/svg>\t\t\t<\/div>\n\t\t<\/div>\n\t\t\t\t\t\t<\/div>\n\t\t\t\t<\/div>\n\t\t\t\t<div class=\"elementor-element elementor-element-262002b2 cta-small-heading elementor-widget elementor-widget-heading\" data-id=\"262002b2\" data-element_type=\"widget\" data-e-type=\"widget\" data-widget_type=\"heading.default\">\n\t\t\t\t<div class=\"elementor-widget-container\">\n\t\t\t\t\t<h2 class=\"elementor-heading-title elementor-size-default\">Materiales descargables<\/h2>\t\t\t\t<\/div>\n\t\t\t\t<\/div>\n\t\t\t\t<\/a>\n\t\t<a class=\"elementor-element elementor-element-baac4e6 e-con-full cta-small e-flex e-con e-child\" data-id=\"baac4e6\" data-element_type=\"container\" data-e-type=\"container\" href=\"https:\/\/reachouthallco.org\/es\/recursos\/biblioteca-de-recursos\/informe-acumulativo\/\">\n\t\t\t\t<div class=\"elementor-element elementor-element-695f26ff elementor-widget elementor-widget-image\" data-id=\"695f26ff\" data-element_type=\"widget\" data-e-type=\"widget\" data-widget_type=\"image.default\">\n\t\t\t\t<div class=\"elementor-widget-container\">\n\t\t\t\t\t\t\t\t\t\t\t\t\t\t\t<img decoding=\"async\" width=\"800\" height=\"534\" src=\"https:\/\/reachouthallco.org\/wp-content\/uploads\/2025\/05\/unitedway-119-1024x683.jpg\" class=\"attachment-large size-large wp-image-590\" alt=\"Overhead view of pages of United Way Impact Report\" srcset=\"https:\/\/reachouthallco.org\/wp-content\/uploads\/2025\/05\/unitedway-119-1024x683.jpg 1024w, https:\/\/reachouthallco.org\/wp-content\/uploads\/2025\/05\/unitedway-119-300x200.jpg 300w, https:\/\/reachouthallco.org\/wp-content\/uploads\/2025\/05\/unitedway-119-768x512.jpg 768w, https:\/\/reachouthallco.org\/wp-content\/uploads\/2025\/05\/unitedway-119-1536x1024.jpg 1536w, https:\/\/reachouthallco.org\/wp-content\/uploads\/2025\/05\/unitedway-119-2048x1366.jpg 2048w\" sizes=\"(max-width: 800px) 100vw, 800px\" \/>\t\t\t\t\t\t\t\t\t\t\t\t\t\t\t<\/div>\n\t\t\t\t<\/div>\n\t\t\t\t<div class=\"elementor-element elementor-element-4686b5c8 elementor-view-default elementor-widget elementor-widget-icon\" data-id=\"4686b5c8\" data-element_type=\"widget\" data-e-type=\"widget\" data-widget_type=\"icon.default\">\n\t\t\t\t<div class=\"elementor-widget-container\">\n\t\t\t\t\t\t\t<div class=\"elementor-icon-wrapper\">\n\t\t\t<div class=\"elementor-icon\">\n\t\t\t<svg aria-hidden=\"true\" class=\"e-font-icon-svg e-fas-arrow-circle-right\" viewBox=\"0 0 512 512\" xmlns=\"http:\/\/www.w3.org\/2000\/svg\"><path d=\"M256 8c137 0 248 111 248 248S393 504 256 504 8 393 8 256 119 8 256 8zm-28.9 143.6l75.5 72.4H120c-13.3 0-24 10.7-24 24v16c0 13.3 10.7 24 24 24h182.6l-75.5 72.4c-9.7 9.3-9.9 24.8-.4 34.3l11 10.9c9.4 9.4 24.6 9.4 33.9 0L404.3 273c9.4-9.4 9.4-24.6 0-33.9L271.6 106.3c-9.4-9.4-24.6-9.4-33.9 0l-11 10.9c-9.5 9.6-9.3 25.1.4 34.4z\"><\/path><\/svg>\t\t\t<\/div>\n\t\t<\/div>\n\t\t\t\t\t\t<\/div>\n\t\t\t\t<\/div>\n\t\t\t\t<div class=\"elementor-element elementor-element-2f1289b8 cta-small-heading elementor-widget elementor-widget-heading\" data-id=\"2f1289b8\" data-element_type=\"widget\" data-e-type=\"widget\" data-widget_type=\"heading.default\">\n\t\t\t\t<div class=\"elementor-widget-container\">\n\t\t\t\t\t<h2 class=\"elementor-heading-title elementor-size-default\">Informes acumulativos<\/h2>\t\t\t\t<\/div>\n\t\t\t\t<\/div>\n\t\t\t\t<\/a>\n\t\t<a class=\"elementor-element elementor-element-6ad52d6f e-con-full cta-small e-flex e-con e-child\" data-id=\"6ad52d6f\" data-element_type=\"container\" data-e-type=\"container\" href=\"https:\/\/reachouthallco.org\/es\/recursos\/biblioteca-de-recursos\/videoteca\/\">\n\t\t\t\t<div class=\"elementor-element elementor-element-46ab9251 elementor-widget elementor-widget-image\" data-id=\"46ab9251\" data-element_type=\"widget\" data-e-type=\"widget\" data-widget_type=\"image.default\">\n\t\t\t\t<div class=\"elementor-widget-container\">\n\t\t\t\t\t\t\t\t\t\t\t\t\t\t\t<img decoding=\"async\" width=\"800\" height=\"448\" src=\"https:\/\/reachouthallco.org\/wp-content\/uploads\/2025\/05\/Screenshot2022-05-16105232-1024x574.jpg\" class=\"attachment-large size-large wp-image-587\" alt=\"Grid of faces of people from mental health public service announcement\" srcset=\"https:\/\/reachouthallco.org\/wp-content\/uploads\/2025\/05\/Screenshot2022-05-16105232-1024x574.jpg 1024w, https:\/\/reachouthallco.org\/wp-content\/uploads\/2025\/05\/Screenshot2022-05-16105232-300x168.jpg 300w, https:\/\/reachouthallco.org\/wp-content\/uploads\/2025\/05\/Screenshot2022-05-16105232-768x431.jpg 768w, https:\/\/reachouthallco.org\/wp-content\/uploads\/2025\/05\/Screenshot2022-05-16105232.jpg 1209w\" sizes=\"(max-width: 800px) 100vw, 800px\" \/>\t\t\t\t\t\t\t\t\t\t\t\t\t\t\t<\/div>\n\t\t\t\t<\/div>\n\t\t\t\t<div class=\"elementor-element elementor-element-11dca443 elementor-view-default elementor-widget elementor-widget-icon\" data-id=\"11dca443\" data-element_type=\"widget\" data-e-type=\"widget\" data-widget_type=\"icon.default\">\n\t\t\t\t<div class=\"elementor-widget-container\">\n\t\t\t\t\t\t\t<div class=\"elementor-icon-wrapper\">\n\t\t\t<div class=\"elementor-icon\">\n\t\t\t<svg aria-hidden=\"true\" class=\"e-font-icon-svg e-fas-arrow-circle-right\" viewBox=\"0 0 512 512\" xmlns=\"http:\/\/www.w3.org\/2000\/svg\"><path d=\"M256 8c137 0 248 111 248 248S393 504 256 504 8 393 8 256 119 8 256 8zm-28.9 143.6l75.5 72.4H120c-13.3 0-24 10.7-24 24v16c0 13.3 10.7 24 24 24h182.6l-75.5 72.4c-9.7 9.3-9.9 24.8-.4 34.3l11 10.9c9.4 9.4 24.6 9.4 33.9 0L404.3 273c9.4-9.4 9.4-24.6 0-33.9L271.6 106.3c-9.4-9.4-24.6-9.4-33.9 0l-11 10.9c-9.5 9.6-9.3 25.1.4 34.4z\"><\/path><\/svg>\t\t\t<\/div>\n\t\t<\/div>\n\t\t\t\t\t\t<\/div>\n\t\t\t\t<\/div>\n\t\t\t\t<div class=\"elementor-element elementor-element-45d39ae5 cta-small-heading elementor-widget elementor-widget-heading\" data-id=\"45d39ae5\" data-element_type=\"widget\" data-e-type=\"widget\" data-widget_type=\"heading.default\">\n\t\t\t\t<div class=\"elementor-widget-container\">\n\t\t\t\t\t<h2 class=\"elementor-heading-title elementor-size-default\">Videoteca<\/h2>\t\t\t\t<\/div>\n\t\t\t\t<\/div>\n\t\t\t\t<\/a>\n\t\t\t\t\t<\/div>\n\t\t\t\t<\/div>\n\t\t<div class=\"elementor-element elementor-element-32473b7 e-flex e-con-boxed e-con e-parent\" data-id=\"32473b7\" data-element_type=\"container\" data-e-type=\"container\">\n\t\t\t\t\t<div class=\"e-con-inner\">\n\t\t\t\t<div class=\"elementor-element elementor-element-538ceea elementor-widget elementor-widget-spacer\" data-id=\"538ceea\" data-element_type=\"widget\" data-e-type=\"widget\" data-widget_type=\"spacer.default\">\n\t\t\t\t<div class=\"elementor-widget-container\">\n\t\t\t\t\t\t\t<div class=\"elementor-spacer\">\n\t\t\t<div class=\"elementor-spacer-inner\"><\/div>\n\t\t<\/div>\n\t\t\t\t\t\t<\/div>\n\t\t\t\t<\/div>\n\t\t\t\t\t<\/div>\n\t\t\t\t<\/div>\n\t\t\t\t<\/div>\n\t\t","protected":false},"excerpt":{"rendered":"<p>Encuentra recursos que t\u00fa o tu organizaci\u00f3n pod\u00e1is utilizar para apoyar el bienestar mental. Materiales descargables Informes acumulativos Videoteca<\/p>\n","protected":false},"author":1,"featured_media":0,"parent":655,"menu_order":0,"comment_status":"closed","ping_status":"closed","template":"","meta":{"footnotes":""},"class_list":["post-671","page","type-page","status-publish","hentry"],"yoast_head":"<!-- This site is optimized with the Yoast SEO plugin v27.1.1 - https:\/\/yoast.com\/product\/yoast-seo-wordpress\/ -->\n<title>Biblioteca de recursos - Reach Out Hall County<\/title>\n<meta name=\"robots\" content=\"index, follow, max-snippet:-1, max-image-preview:large, max-video-preview:-1\" \/>\n<link rel=\"canonical\" href=\"https:\/\/reachouthallco.org\/es\/recursos\/biblioteca-de-recursos\/\" \/>\n<meta property=\"og:locale\" content=\"es_ES\" \/>\n<meta property=\"og:type\" content=\"article\" \/>\n<meta property=\"og:title\" content=\"Biblioteca de recursos - Reach Out Hall County\" \/>\n<meta property=\"og:description\" content=\"Encuentra recursos que t\u00fa o tu organizaci\u00f3n pod\u00e1is utilizar para apoyar el bienestar mental. Materiales descargables Informes acumulativos Videoteca\" \/>\n<meta property=\"og:url\" content=\"https:\/\/reachouthallco.org\/es\/recursos\/biblioteca-de-recursos\/\" \/>\n<meta property=\"og:site_name\" content=\"Reach Out Hall County\" \/>\n<meta property=\"article:modified_time\" content=\"2025-06-04T13:38:01+00:00\" \/>\n<meta property=\"og:image\" content=\"https:\/\/reachouthallco.org\/wp-content\/uploads\/2025\/05\/nghs-mental-health-uw-mental-health-month-ig-post-1080x1080-2024-04-26.png\" \/>\n\t<meta property=\"og:image:width\" content=\"1080\" \/>\n\t<meta property=\"og:image:height\" content=\"1080\" \/>\n\t<meta property=\"og:image:type\" content=\"image\/png\" \/>\n<meta name=\"twitter:card\" content=\"summary_large_image\" \/>\n<script type=\"application\/ld+json\" class=\"yoast-schema-graph\">{\"@context\":\"https:\/\/schema.org\",\"@graph\":[{\"@type\":\"WebPage\",\"@id\":\"https:\/\/reachouthallco.org\/es\/recursos\/biblioteca-de-recursos\/\",\"url\":\"https:\/\/reachouthallco.org\/es\/recursos\/biblioteca-de-recursos\/\",\"name\":\"Biblioteca de recursos - Reach Out Hall County\",\"isPartOf\":{\"@id\":\"https:\/\/reachouthallco.org\/es\/#website\"},\"primaryImageOfPage\":{\"@id\":\"https:\/\/reachouthallco.org\/es\/recursos\/biblioteca-de-recursos\/#primaryimage\"},\"image\":{\"@id\":\"https:\/\/reachouthallco.org\/es\/recursos\/biblioteca-de-recursos\/#primaryimage\"},\"thumbnailUrl\":\"https:\/\/reachouthallco.org\/wp-content\/uploads\/2025\/05\/nghs-mental-health-uw-mental-health-month-ig-post-1080x1080-2024-04-26-768x768.png\",\"datePublished\":\"2025-04-09T21:07:50+00:00\",\"dateModified\":\"2025-06-04T13:38:01+00:00\",\"breadcrumb\":{\"@id\":\"https:\/\/reachouthallco.org\/es\/recursos\/biblioteca-de-recursos\/#breadcrumb\"},\"inLanguage\":\"es\",\"potentialAction\":[{\"@type\":\"ReadAction\",\"target\":[\"https:\/\/reachouthallco.org\/es\/recursos\/biblioteca-de-recursos\/\"]}]},{\"@type\":\"ImageObject\",\"inLanguage\":\"es\",\"@id\":\"https:\/\/reachouthallco.org\/es\/recursos\/biblioteca-de-recursos\/#primaryimage\",\"url\":\"https:\/\/reachouthallco.org\/wp-content\/uploads\/2025\/05\/nghs-mental-health-uw-mental-health-month-ig-post-1080x1080-2024-04-26-768x768.png\",\"contentUrl\":\"https:\/\/reachouthallco.org\/wp-content\/uploads\/2025\/05\/nghs-mental-health-uw-mental-health-month-ig-post-1080x1080-2024-04-26-768x768.png\"},{\"@type\":\"BreadcrumbList\",\"@id\":\"https:\/\/reachouthallco.org\/es\/recursos\/biblioteca-de-recursos\/#breadcrumb\",\"itemListElement\":[{\"@type\":\"ListItem\",\"position\":1,\"name\":\"Home\",\"item\":\"https:\/\/reachouthallco.org\/es\/\"},{\"@type\":\"ListItem\",\"position\":2,\"name\":\"Recursos\",\"item\":\"https:\/\/reachouthallco.org\/es\/resources\/\"},{\"@type\":\"ListItem\",\"position\":3,\"name\":\"Biblioteca de recursos\"}]},{\"@type\":\"WebSite\",\"@id\":\"https:\/\/reachouthallco.org\/es\/#website\",\"url\":\"https:\/\/reachouthallco.org\/es\/\",\"name\":\"Reach Out Hall County\",\"description\":\"\",\"publisher\":{\"@id\":\"https:\/\/reachouthallco.org\/es\/#organization\"},\"potentialAction\":[{\"@type\":\"SearchAction\",\"target\":{\"@type\":\"EntryPoint\",\"urlTemplate\":\"https:\/\/reachouthallco.org\/es\/?s={search_term_string}\"},\"query-input\":{\"@type\":\"PropertyValueSpecification\",\"valueRequired\":true,\"valueName\":\"search_term_string\"}}],\"inLanguage\":\"es\"},{\"@type\":\"Organization\",\"@id\":\"https:\/\/reachouthallco.org\/es\/#organization\",\"name\":\"United Way of Hall County\",\"url\":\"https:\/\/reachouthallco.org\/es\/\",\"logo\":{\"@type\":\"ImageObject\",\"inLanguage\":\"es\",\"@id\":\"https:\/\/reachouthallco.org\/es\/#\/schema\/logo\/image\/\",\"url\":\"https:\/\/reachouthallco.org\/wp-content\/uploads\/2025\/04\/reach-out-full-color.png\",\"contentUrl\":\"https:\/\/reachouthallco.org\/wp-content\/uploads\/2025\/04\/reach-out-full-color.png\",\"width\":1756,\"height\":412,\"caption\":\"United Way of Hall County\"},\"image\":{\"@id\":\"https:\/\/reachouthallco.org\/es\/#\/schema\/logo\/image\/\"}}]}<\/script>\n<!-- \/ Yoast SEO plugin. -->","yoast_head_json":{"title":"Biblioteca de recursos - Reach Out Hall County","robots":{"index":"index","follow":"follow","max-snippet":"max-snippet:-1","max-image-preview":"max-image-preview:large","max-video-preview":"max-video-preview:-1"},"canonical":"https:\/\/reachouthallco.org\/es\/recursos\/biblioteca-de-recursos\/","og_locale":"es_ES","og_type":"article","og_title":"Biblioteca de recursos - Reach Out Hall County","og_description":"Encuentra recursos que t\u00fa o tu organizaci\u00f3n pod\u00e1is utilizar para apoyar el bienestar mental. Materiales descargables Informes acumulativos Videoteca","og_url":"https:\/\/reachouthallco.org\/es\/recursos\/biblioteca-de-recursos\/","og_site_name":"Reach Out Hall County","article_modified_time":"2025-06-04T13:38:01+00:00","og_image":[{"width":1080,"height":1080,"url":"https:\/\/reachouthallco.org\/wp-content\/uploads\/2025\/05\/nghs-mental-health-uw-mental-health-month-ig-post-1080x1080-2024-04-26.png","type":"image\/png"}],"twitter_card":"summary_large_image","schema":{"@context":"https:\/\/schema.org","@graph":[{"@type":"WebPage","@id":"https:\/\/reachouthallco.org\/es\/recursos\/biblioteca-de-recursos\/","url":"https:\/\/reachouthallco.org\/es\/recursos\/biblioteca-de-recursos\/","name":"Biblioteca de recursos - Reach Out Hall County","isPartOf":{"@id":"https:\/\/reachouthallco.org\/es\/#website"},"primaryImageOfPage":{"@id":"https:\/\/reachouthallco.org\/es\/recursos\/biblioteca-de-recursos\/#primaryimage"},"image":{"@id":"https:\/\/reachouthallco.org\/es\/recursos\/biblioteca-de-recursos\/#primaryimage"},"thumbnailUrl":"https:\/\/reachouthallco.org\/wp-content\/uploads\/2025\/05\/nghs-mental-health-uw-mental-health-month-ig-post-1080x1080-2024-04-26-768x768.png","datePublished":"2025-04-09T21:07:50+00:00","dateModified":"2025-06-04T13:38:01+00:00","breadcrumb":{"@id":"https:\/\/reachouthallco.org\/es\/recursos\/biblioteca-de-recursos\/#breadcrumb"},"inLanguage":"es","potentialAction":[{"@type":"ReadAction","target":["https:\/\/reachouthallco.org\/es\/recursos\/biblioteca-de-recursos\/"]}]},{"@type":"ImageObject","inLanguage":"es","@id":"https:\/\/reachouthallco.org\/es\/recursos\/biblioteca-de-recursos\/#primaryimage","url":"https:\/\/reachouthallco.org\/wp-content\/uploads\/2025\/05\/nghs-mental-health-uw-mental-health-month-ig-post-1080x1080-2024-04-26-768x768.png","contentUrl":"https:\/\/reachouthallco.org\/wp-content\/uploads\/2025\/05\/nghs-mental-health-uw-mental-health-month-ig-post-1080x1080-2024-04-26-768x768.png"},{"@type":"BreadcrumbList","@id":"https:\/\/reachouthallco.org\/es\/recursos\/biblioteca-de-recursos\/#breadcrumb","itemListElement":[{"@type":"ListItem","position":1,"name":"Home","item":"https:\/\/reachouthallco.org\/es\/"},{"@type":"ListItem","position":2,"name":"Recursos","item":"https:\/\/reachouthallco.org\/es\/resources\/"},{"@type":"ListItem","position":3,"name":"Biblioteca de recursos"}]},{"@type":"WebSite","@id":"https:\/\/reachouthallco.org\/es\/#website","url":"https:\/\/reachouthallco.org\/es\/","name":"Reach Out Hall County","description":"","publisher":{"@id":"https:\/\/reachouthallco.org\/es\/#organization"},"potentialAction":[{"@type":"SearchAction","target":{"@type":"EntryPoint","urlTemplate":"https:\/\/reachouthallco.org\/es\/?s={search_term_string}"},"query-input":{"@type":"PropertyValueSpecification","valueRequired":true,"valueName":"search_term_string"}}],"inLanguage":"es"},{"@type":"Organization","@id":"https:\/\/reachouthallco.org\/es\/#organization","name":"United Way of Hall County","url":"https:\/\/reachouthallco.org\/es\/","logo":{"@type":"ImageObject","inLanguage":"es","@id":"https:\/\/reachouthallco.org\/es\/#\/schema\/logo\/image\/","url":"https:\/\/reachouthallco.org\/wp-content\/uploads\/2025\/04\/reach-out-full-color.png","contentUrl":"https:\/\/reachouthallco.org\/wp-content\/uploads\/2025\/04\/reach-out-full-color.png","width":1756,"height":412,"caption":"United Way of Hall County"},"image":{"@id":"https:\/\/reachouthallco.org\/es\/#\/schema\/logo\/image\/"}}]}},"_links":{"self":[{"href":"https:\/\/reachouthallco.org\/es\/wp-json\/wp\/v2\/pages\/671","targetHints":{"allow":["GET"]}}],"collection":[{"href":"https:\/\/reachouthallco.org\/es\/wp-json\/wp\/v2\/pages"}],"about":[{"href":"https:\/\/reachouthallco.org\/es\/wp-json\/wp\/v2\/types\/page"}],"author":[{"embeddable":true,"href":"https:\/\/reachouthallco.org\/es\/wp-json\/wp\/v2\/users\/1"}],"replies":[{"embeddable":true,"href":"https:\/\/reachouthallco.org\/es\/wp-json\/wp\/v2\/comments?post=671"}],"version-history":[{"count":0,"href":"https:\/\/reachouthallco.org\/es\/wp-json\/wp\/v2\/pages\/671\/revisions"}],"up":[{"embeddable":true,"href":"https:\/\/reachouthallco.org\/es\/wp-json\/wp\/v2\/pages\/655"}],"wp:attachment":[{"href":"https:\/\/reachouthallco.org\/es\/wp-json\/wp\/v2\/media?parent=671"}],"curies":[{"name":"wp","href":"https:\/\/api.w.org\/{rel}","templated":true}]}}