{"id":664,"date":"2025-04-09T17:06:14","date_gmt":"2025-04-09T21:06:14","guid":{"rendered":"https:\/\/reachouthallco.org\/educacion\/formacion-qpr\/"},"modified":"2025-06-04T09:17:57","modified_gmt":"2025-06-04T13:17:57","slug":"formacion-qpr","status":"publish","type":"page","link":"https:\/\/reachouthallco.org\/es\/educacion\/formacion-qpr\/","title":{"rendered":"Formaci\u00f3n QPR"},"content":{"rendered":"\t\t<div data-elementor-type=\"wp-page\" data-elementor-id=\"664\" class=\"elementor elementor-664 elementor-37\" data-elementor-post-type=\"page\">\n\t\t\t\t<div class=\"elementor-element elementor-element-5168927a e-con-full e-flex e-con e-parent\" data-id=\"5168927a\" data-element_type=\"container\" data-e-type=\"container\">\n\t\t<div class=\"elementor-element elementor-element-5c594f71 e-con-full e-flex e-con e-child\" data-id=\"5c594f71\" data-element_type=\"container\" data-e-type=\"container\" data-settings=\"{&quot;background_background&quot;:&quot;classic&quot;}\">\n\t\t<div class=\"elementor-element elementor-element-6c1f7dd4 e-flex e-con-boxed e-con e-child\" data-id=\"6c1f7dd4\" data-element_type=\"container\" data-e-type=\"container\">\n\t\t\t\t\t<div class=\"e-con-inner\">\n\t\t\t\t\t<\/div>\n\t\t\t\t<\/div>\n\t\t\t\t<\/div>\n\t\t\t\t<\/div>\n\t\t<div class=\"elementor-element elementor-element-7720a27 e-flex e-con-boxed elementor-invisible e-con e-parent\" data-id=\"7720a27\" data-element_type=\"container\" data-e-type=\"container\" data-settings=\"{&quot;animation&quot;:&quot;slideInUp&quot;}\">\n\t\t\t\t\t<div class=\"e-con-inner\">\n\t\t<div class=\"elementor-element elementor-element-b76a7f5 e-con-full e-flex e-con e-child\" data-id=\"b76a7f5\" data-element_type=\"container\" data-e-type=\"container\">\n\t\t\t\t<div class=\"elementor-element elementor-element-688b822 elementor-widget elementor-widget-heading\" data-id=\"688b822\" data-element_type=\"widget\" data-e-type=\"widget\" data-widget_type=\"heading.default\">\n\t\t\t\t<div class=\"elementor-widget-container\">\n\t\t\t\t\t<h2 class=\"elementor-heading-title elementor-size-default\">Formaci\u00f3n QPR<\/h2>\t\t\t\t<\/div>\n\t\t\t\t<\/div>\n\t\t\t\t<div class=\"elementor-element elementor-element-9710da6 elementor-widget elementor-widget-text-editor\" data-id=\"9710da6\" data-element_type=\"widget\" data-e-type=\"widget\" data-widget_type=\"text-editor.default\">\n\t\t\t\t<div class=\"elementor-widget-container\">\n\t\t\t\t\t\t\t\t\t<p>La formaci\u00f3n Pregunta, Persuade, Deriva (QPR) es una formaci\u00f3n que capacita a las personas para reconocer las se\u00f1ales de advertencia del pensamiento y el comportamiento suicidas. Los participantes aprender\u00e1n c\u00f3mo hacer preguntas dif\u00edciles, c\u00f3mo persuadir a alguien para que busque ayuda y d\u00f3nde derivar a las personas que puedan estar en riesgo. <\/p><p>Las formaciones son gratuitas.<\/p><p>Para m\u00e1s informaci\u00f3n o para programar una formaci\u00f3n, ponte en contacto con:<br>Adam J. Raulerson, M.S., LMFT<br>Director, Salud Conductual Comunitaria y Hospitalaria<br>Northeast Georgia Medical Center<\/p><p><a href=\"mailto:Adam.Raulerson@nghs.com\">E-mail Ad\u00e1n<\/a><\/p><p><a href=\"tel:770-219-5618\">770-219-5618<\/a> (oficina)<\/p><p><a href=\"http:\/\/678-491-9912\" data-wplink-url-error=\"true\">678-491-9912<\/a> (m\u00f3vil)<\/p>\t\t\t\t\t\t\t\t<\/div>\n\t\t\t\t<\/div>\n\t\t\t\t<\/div>\n\t\t<div class=\"elementor-element elementor-element-2526796 e-con-full e-flex e-con e-child\" data-id=\"2526796\" data-element_type=\"container\" data-e-type=\"container\">\n\t\t\t\t<div class=\"elementor-element elementor-element-eb38ff3 elementor-widget elementor-widget-video\" data-id=\"eb38ff3\" data-element_type=\"widget\" data-e-type=\"widget\" data-settings=\"{&quot;youtube_url&quot;:&quot;https:\\\/\\\/youtu.be\\\/k1-pglLqyUo&quot;,&quot;video_type&quot;:&quot;youtube&quot;,&quot;controls&quot;:&quot;yes&quot;}\" data-widget_type=\"video.default\">\n\t\t\t\t<div class=\"elementor-widget-container\">\n\t\t\t\t\t\t\t<div class=\"elementor-wrapper elementor-open-inline\">\n\t\t\t<div class=\"elementor-video\"><\/div>\t\t<\/div>\n\t\t\t\t\t\t<\/div>\n\t\t\t\t<\/div>\n\t\t\t\t<\/div>\n\t\t\t\t\t<\/div>\n\t\t\t\t<\/div>\n\t\t<div class=\"elementor-element elementor-element-b53626b e-flex e-con-boxed elementor-invisible e-con e-parent\" data-id=\"b53626b\" data-element_type=\"container\" data-e-type=\"container\" data-settings=\"{&quot;animation&quot;:&quot;slideInUp&quot;}\">\n\t\t\t\t\t<div class=\"e-con-inner\">\n\t\t\t\t<div class=\"elementor-element elementor-element-b146f40 elementor-widget elementor-widget-heading\" data-id=\"b146f40\" data-element_type=\"widget\" data-e-type=\"widget\" data-widget_type=\"heading.default\">\n\t\t\t\t<div class=\"elementor-widget-container\">\n\t\t\t\t\t<h2 class=\"elementor-heading-title elementor-size-default\">Recursos Reach Out<\/h2>\t\t\t\t<\/div>\n\t\t\t\t<\/div>\n\t\t\t\t\t<\/div>\n\t\t\t\t<\/div>\n\t\t<div class=\"elementor-element elementor-element-35dfa3ba e-flex e-con-boxed elementor-invisible e-con e-parent\" data-id=\"35dfa3ba\" data-element_type=\"container\" data-e-type=\"container\" data-settings=\"{&quot;animation&quot;:&quot;slideInUp&quot;}\">\n\t\t\t\t\t<div class=\"e-con-inner\">\n\t\t<div class=\"elementor-element elementor-element-20ca8428 e-con-full cta-large e-flex e-con e-child\" data-id=\"20ca8428\" data-element_type=\"container\" data-e-type=\"container\">\n\t\t\t\t<div class=\"elementor-element elementor-element-3afb104d elementor-widget elementor-widget-image\" data-id=\"3afb104d\" data-element_type=\"widget\" data-e-type=\"widget\" data-widget_type=\"image.default\">\n\t\t\t\t<div class=\"elementor-widget-container\">\n\t\t\t\t\t\t\t\t\t\t\t\t\t\t\t<img fetchpriority=\"high\" decoding=\"async\" width=\"800\" height=\"534\" src=\"https:\/\/reachouthallco.org\/wp-content\/uploads\/2025\/05\/unitedway-70-1024x683.jpg\" class=\"attachment-large size-large wp-image-588\" alt=\"Man speaking at a Mental Health First Aid training\" srcset=\"https:\/\/reachouthallco.org\/wp-content\/uploads\/2025\/05\/unitedway-70-1024x683.jpg 1024w, https:\/\/reachouthallco.org\/wp-content\/uploads\/2025\/05\/unitedway-70-300x200.jpg 300w, https:\/\/reachouthallco.org\/wp-content\/uploads\/2025\/05\/unitedway-70-768x512.jpg 768w, https:\/\/reachouthallco.org\/wp-content\/uploads\/2025\/05\/unitedway-70-1536x1024.jpg 1536w, https:\/\/reachouthallco.org\/wp-content\/uploads\/2025\/05\/unitedway-70-2048x1366.jpg 2048w\" sizes=\"(max-width: 800px) 100vw, 800px\" \/>\t\t\t\t\t\t\t\t\t\t\t\t\t\t\t<\/div>\n\t\t\t\t<\/div>\n\t\t<div class=\"elementor-element elementor-element-6c83c29b e-con-full e-flex e-con e-child\" data-id=\"6c83c29b\" data-element_type=\"container\" data-e-type=\"container\" data-settings=\"{&quot;background_background&quot;:&quot;classic&quot;}\">\n\t\t\t\t<div class=\"elementor-element elementor-element-3c2b23f5 elementor-widget elementor-widget-heading\" data-id=\"3c2b23f5\" data-element_type=\"widget\" data-e-type=\"widget\" data-widget_type=\"heading.default\">\n\t\t\t\t<div class=\"elementor-widget-container\">\n\t\t\t\t\t<h4 class=\"elementor-heading-title elementor-size-default\">Formaci\u00f3n en Primeros Auxilios en Salud Mental<\/h4>\t\t\t\t<\/div>\n\t\t\t\t<\/div>\n\t\t\t\t<div class=\"elementor-element elementor-element-4b52a907 elementor-widget elementor-widget-text-editor\" data-id=\"4b52a907\" data-element_type=\"widget\" data-e-type=\"widget\" data-widget_type=\"text-editor.default\">\n\t\t\t\t<div class=\"elementor-widget-container\">\n\t\t\t\t\t\t\t\t\t<p>\u00bfTe interesa hacer de tu comunidad un lugar m\u00e1s sano, feliz y seguro? Inf\u00f3rmate sobre c\u00f3mo convertirte en Auxiliar de Salud Mental. <\/p>\t\t\t\t\t\t\t\t<\/div>\n\t\t\t\t<\/div>\n\t\t\t\t<div class=\"elementor-element elementor-element-18af9309 button-text-blue elementor-widget elementor-widget-button\" data-id=\"18af9309\" data-element_type=\"widget\" data-e-type=\"widget\" data-widget_type=\"button.default\">\n\t\t\t\t<div class=\"elementor-widget-container\">\n\t\t\t\t\t\t\t\t\t<div class=\"elementor-button-wrapper\">\n\t\t\t\t\t<a class=\"elementor-button elementor-button-link elementor-size-sm\" href=\"#\">\n\t\t\t\t\t\t<span class=\"elementor-button-content-wrapper\">\n\t\t\t\t\t\t<span class=\"elementor-button-icon\">\n\t\t\t\t<svg aria-hidden=\"true\" class=\"e-font-icon-svg e-fas-arrow-right\" viewBox=\"0 0 448 512\" xmlns=\"http:\/\/www.w3.org\/2000\/svg\"><path d=\"M190.5 66.9l22.2-22.2c9.4-9.4 24.6-9.4 33.9 0L441 239c9.4 9.4 9.4 24.6 0 33.9L246.6 467.3c-9.4 9.4-24.6 9.4-33.9 0l-22.2-22.2c-9.5-9.5-9.3-25 .4-34.3L311.4 296H24c-13.3 0-24-10.7-24-24v-32c0-13.3 10.7-24 24-24h287.4L190.9 101.2c-9.8-9.3-10-24.8-.4-34.3z\"><\/path><\/svg>\t\t\t<\/span>\n\t\t\t\t\t\t\t\t\t<span class=\"elementor-button-text\">Pulsa aqu\u00ed<\/span>\n\t\t\t\t\t<\/span>\n\t\t\t\t\t<\/a>\n\t\t\t\t<\/div>\n\t\t\t\t\t\t\t\t<\/div>\n\t\t\t\t<\/div>\n\t\t\t\t<\/div>\n\t\t\t\t<\/div>\n\t\t<div class=\"elementor-element elementor-element-ec23ccd e-con-full cta-large e-flex e-con e-child\" data-id=\"ec23ccd\" data-element_type=\"container\" data-e-type=\"container\">\n\t\t\t\t<div class=\"elementor-element elementor-element-2d06ee61 elementor-widget elementor-widget-image\" data-id=\"2d06ee61\" data-element_type=\"widget\" data-e-type=\"widget\" data-widget_type=\"image.default\">\n\t\t\t\t<div class=\"elementor-widget-container\">\n\t\t\t\t\t\t\t\t\t\t\t\t\t\t\t<img decoding=\"async\" width=\"800\" height=\"498\" src=\"https:\/\/reachouthallco.org\/wp-content\/uploads\/2025\/05\/UW-JayParrish-Speaker.png\" class=\"attachment-large size-large wp-image-592\" alt=\"Gainesville Police Officer Jay Parrish speaking in an educational video\" srcset=\"https:\/\/reachouthallco.org\/wp-content\/uploads\/2025\/05\/UW-JayParrish-Speaker.png 1024w, https:\/\/reachouthallco.org\/wp-content\/uploads\/2025\/05\/UW-JayParrish-Speaker-300x187.png 300w, https:\/\/reachouthallco.org\/wp-content\/uploads\/2025\/05\/UW-JayParrish-Speaker-768x478.png 768w\" sizes=\"(max-width: 800px) 100vw, 800px\" \/>\t\t\t\t\t\t\t\t\t\t\t\t\t\t\t<\/div>\n\t\t\t\t<\/div>\n\t\t<div class=\"elementor-element elementor-element-151153e2 e-con-full e-flex e-con e-child\" data-id=\"151153e2\" data-element_type=\"container\" data-e-type=\"container\" data-settings=\"{&quot;background_background&quot;:&quot;classic&quot;}\">\n\t\t\t\t<div class=\"elementor-element elementor-element-6f45f86c elementor-widget elementor-widget-heading\" data-id=\"6f45f86c\" data-element_type=\"widget\" data-e-type=\"widget\" data-widget_type=\"heading.default\">\n\t\t\t\t<div class=\"elementor-widget-container\">\n\t\t\t\t\t<h4 class=\"elementor-heading-title elementor-size-default\">Oficina del Orador<\/h4>\t\t\t\t<\/div>\n\t\t\t\t<\/div>\n\t\t\t\t<div class=\"elementor-element elementor-element-545d98f5 elementor-widget elementor-widget-text-editor\" data-id=\"545d98f5\" data-element_type=\"widget\" data-e-type=\"widget\" data-widget_type=\"text-editor.default\">\n\t\t\t\t<div class=\"elementor-widget-container\">\n\t\t\t\t\t\t\t\t\t<p>Inf\u00f3rmate sobre los temas y ponentes disponibles o solicita un ponente para tu acto.<\/p>\t\t\t\t\t\t\t\t<\/div>\n\t\t\t\t<\/div>\n\t\t\t\t<div class=\"elementor-element elementor-element-b086542 button-text-white elementor-widget elementor-widget-button\" data-id=\"b086542\" data-element_type=\"widget\" data-e-type=\"widget\" data-widget_type=\"button.default\">\n\t\t\t\t<div class=\"elementor-widget-container\">\n\t\t\t\t\t\t\t\t\t<div class=\"elementor-button-wrapper\">\n\t\t\t\t\t<a class=\"elementor-button elementor-button-link elementor-size-sm\" href=\"#\">\n\t\t\t\t\t\t<span class=\"elementor-button-content-wrapper\">\n\t\t\t\t\t\t<span class=\"elementor-button-icon\">\n\t\t\t\t<svg aria-hidden=\"true\" class=\"e-font-icon-svg e-fas-arrow-right\" viewBox=\"0 0 448 512\" xmlns=\"http:\/\/www.w3.org\/2000\/svg\"><path d=\"M190.5 66.9l22.2-22.2c9.4-9.4 24.6-9.4 33.9 0L441 239c9.4 9.4 9.4 24.6 0 33.9L246.6 467.3c-9.4 9.4-24.6 9.4-33.9 0l-22.2-22.2c-9.5-9.5-9.3-25 .4-34.3L311.4 296H24c-13.3 0-24-10.7-24-24v-32c0-13.3 10.7-24 24-24h287.4L190.9 101.2c-9.8-9.3-10-24.8-.4-34.3z\"><\/path><\/svg>\t\t\t<\/span>\n\t\t\t\t\t\t\t\t\t<span class=\"elementor-button-text\">Pulsa aqu\u00ed<\/span>\n\t\t\t\t\t<\/span>\n\t\t\t\t\t<\/a>\n\t\t\t\t<\/div>\n\t\t\t\t\t\t\t\t<\/div>\n\t\t\t\t<\/div>\n\t\t\t\t<\/div>\n\t\t\t\t<\/div>\n\t\t\t\t\t<\/div>\n\t\t\t\t<\/div>\n\t\t\t\t<\/div>\n\t\t","protected":false},"excerpt":{"rendered":"<p>Formaci\u00f3n QPR La formaci\u00f3n Pregunta, Persuade, Deriva (QPR) es una formaci\u00f3n que capacita a las personas para reconocer las se\u00f1ales de advertencia del pensamiento y el comportamiento suicidas. Los participantes [&hellip;]<\/p>\n","protected":false},"author":1,"featured_media":0,"parent":657,"menu_order":0,"comment_status":"closed","ping_status":"closed","template":"","meta":{"footnotes":""},"class_list":["post-664","page","type-page","status-publish","hentry"],"yoast_head":"<!-- This site is optimized with the Yoast SEO plugin v27.1.1 - https:\/\/yoast.com\/product\/yoast-seo-wordpress\/ -->\n<title>Formaci\u00f3n QPR - Reach Out Hall County<\/title>\n<meta name=\"robots\" content=\"index, follow, max-snippet:-1, max-image-preview:large, max-video-preview:-1\" \/>\n<link rel=\"canonical\" href=\"https:\/\/reachouthallco.org\/es\/educacion\/formacion-qpr\/\" \/>\n<meta property=\"og:locale\" content=\"es_ES\" \/>\n<meta property=\"og:type\" content=\"article\" \/>\n<meta property=\"og:title\" content=\"Formaci\u00f3n QPR - Reach Out Hall County\" \/>\n<meta property=\"og:description\" content=\"Formaci\u00f3n QPR La formaci\u00f3n Pregunta, Persuade, Deriva (QPR) es una formaci\u00f3n que capacita a las personas para reconocer las se\u00f1ales de advertencia del pensamiento y el comportamiento suicidas. Los participantes [&hellip;]\" \/>\n<meta property=\"og:url\" content=\"https:\/\/reachouthallco.org\/es\/educacion\/formacion-qpr\/\" \/>\n<meta property=\"og:site_name\" content=\"Reach Out Hall County\" \/>\n<meta property=\"article:modified_time\" content=\"2025-06-04T13:17:57+00:00\" \/>\n<meta property=\"og:image\" content=\"https:\/\/reachouthallco.org\/wp-content\/uploads\/2025\/05\/unitedway-70.jpg\" \/>\n\t<meta property=\"og:image:width\" content=\"2500\" \/>\n\t<meta property=\"og:image:height\" content=\"1667\" \/>\n\t<meta property=\"og:image:type\" content=\"image\/jpeg\" \/>\n<meta name=\"twitter:card\" content=\"summary_large_image\" \/>\n<meta name=\"twitter:label1\" content=\"Est. reading time\" \/>\n\t<meta name=\"twitter:data1\" content=\"1 minuto\" \/>\n<script type=\"application\/ld+json\" class=\"yoast-schema-graph\">{\"@context\":\"https:\/\/schema.org\",\"@graph\":[{\"@type\":\"WebPage\",\"@id\":\"https:\/\/reachouthallco.org\/es\/educacion\/formacion-qpr\/\",\"url\":\"https:\/\/reachouthallco.org\/es\/educacion\/formacion-qpr\/\",\"name\":\"Formaci\u00f3n QPR - Reach Out Hall County\",\"isPartOf\":{\"@id\":\"https:\/\/reachouthallco.org\/es\/#website\"},\"primaryImageOfPage\":{\"@id\":\"https:\/\/reachouthallco.org\/es\/educacion\/formacion-qpr\/#primaryimage\"},\"image\":{\"@id\":\"https:\/\/reachouthallco.org\/es\/educacion\/formacion-qpr\/#primaryimage\"},\"thumbnailUrl\":\"https:\/\/reachouthallco.org\/wp-content\/uploads\/2025\/05\/unitedway-70-1024x683.jpg\",\"datePublished\":\"2025-04-09T21:06:14+00:00\",\"dateModified\":\"2025-06-04T13:17:57+00:00\",\"breadcrumb\":{\"@id\":\"https:\/\/reachouthallco.org\/es\/educacion\/formacion-qpr\/#breadcrumb\"},\"inLanguage\":\"es\",\"potentialAction\":[{\"@type\":\"ReadAction\",\"target\":[\"https:\/\/reachouthallco.org\/es\/educacion\/formacion-qpr\/\"]}]},{\"@type\":\"ImageObject\",\"inLanguage\":\"es\",\"@id\":\"https:\/\/reachouthallco.org\/es\/educacion\/formacion-qpr\/#primaryimage\",\"url\":\"https:\/\/reachouthallco.org\/wp-content\/uploads\/2025\/05\/unitedway-70-1024x683.jpg\",\"contentUrl\":\"https:\/\/reachouthallco.org\/wp-content\/uploads\/2025\/05\/unitedway-70-1024x683.jpg\"},{\"@type\":\"BreadcrumbList\",\"@id\":\"https:\/\/reachouthallco.org\/es\/educacion\/formacion-qpr\/#breadcrumb\",\"itemListElement\":[{\"@type\":\"ListItem\",\"position\":1,\"name\":\"Home\",\"item\":\"https:\/\/reachouthallco.org\/es\/\"},{\"@type\":\"ListItem\",\"position\":2,\"name\":\"Educaci\u00f3n\",\"item\":\"https:\/\/reachouthallco.org\/es\/education\/\"},{\"@type\":\"ListItem\",\"position\":3,\"name\":\"Formaci\u00f3n QPR\"}]},{\"@type\":\"WebSite\",\"@id\":\"https:\/\/reachouthallco.org\/es\/#website\",\"url\":\"https:\/\/reachouthallco.org\/es\/\",\"name\":\"Reach Out Hall County\",\"description\":\"\",\"publisher\":{\"@id\":\"https:\/\/reachouthallco.org\/es\/#organization\"},\"potentialAction\":[{\"@type\":\"SearchAction\",\"target\":{\"@type\":\"EntryPoint\",\"urlTemplate\":\"https:\/\/reachouthallco.org\/es\/?s={search_term_string}\"},\"query-input\":{\"@type\":\"PropertyValueSpecification\",\"valueRequired\":true,\"valueName\":\"search_term_string\"}}],\"inLanguage\":\"es\"},{\"@type\":\"Organization\",\"@id\":\"https:\/\/reachouthallco.org\/es\/#organization\",\"name\":\"United Way of Hall County\",\"url\":\"https:\/\/reachouthallco.org\/es\/\",\"logo\":{\"@type\":\"ImageObject\",\"inLanguage\":\"es\",\"@id\":\"https:\/\/reachouthallco.org\/es\/#\/schema\/logo\/image\/\",\"url\":\"https:\/\/reachouthallco.org\/wp-content\/uploads\/2025\/04\/reach-out-full-color.png\",\"contentUrl\":\"https:\/\/reachouthallco.org\/wp-content\/uploads\/2025\/04\/reach-out-full-color.png\",\"width\":1756,\"height\":412,\"caption\":\"United Way of Hall County\"},\"image\":{\"@id\":\"https:\/\/reachouthallco.org\/es\/#\/schema\/logo\/image\/\"}}]}<\/script>\n<!-- \/ Yoast SEO plugin. -->","yoast_head_json":{"title":"Formaci\u00f3n QPR - Reach Out Hall County","robots":{"index":"index","follow":"follow","max-snippet":"max-snippet:-1","max-image-preview":"max-image-preview:large","max-video-preview":"max-video-preview:-1"},"canonical":"https:\/\/reachouthallco.org\/es\/educacion\/formacion-qpr\/","og_locale":"es_ES","og_type":"article","og_title":"Formaci\u00f3n QPR - Reach Out Hall County","og_description":"Formaci\u00f3n QPR La formaci\u00f3n Pregunta, Persuade, Deriva (QPR) es una formaci\u00f3n que capacita a las personas para reconocer las se\u00f1ales de advertencia del pensamiento y el comportamiento suicidas. Los participantes [&hellip;]","og_url":"https:\/\/reachouthallco.org\/es\/educacion\/formacion-qpr\/","og_site_name":"Reach Out Hall County","article_modified_time":"2025-06-04T13:17:57+00:00","og_image":[{"width":2500,"height":1667,"url":"https:\/\/reachouthallco.org\/wp-content\/uploads\/2025\/05\/unitedway-70.jpg","type":"image\/jpeg"}],"twitter_card":"summary_large_image","twitter_misc":{"Est. reading time":"1 minuto"},"schema":{"@context":"https:\/\/schema.org","@graph":[{"@type":"WebPage","@id":"https:\/\/reachouthallco.org\/es\/educacion\/formacion-qpr\/","url":"https:\/\/reachouthallco.org\/es\/educacion\/formacion-qpr\/","name":"Formaci\u00f3n QPR - Reach Out Hall County","isPartOf":{"@id":"https:\/\/reachouthallco.org\/es\/#website"},"primaryImageOfPage":{"@id":"https:\/\/reachouthallco.org\/es\/educacion\/formacion-qpr\/#primaryimage"},"image":{"@id":"https:\/\/reachouthallco.org\/es\/educacion\/formacion-qpr\/#primaryimage"},"thumbnailUrl":"https:\/\/reachouthallco.org\/wp-content\/uploads\/2025\/05\/unitedway-70-1024x683.jpg","datePublished":"2025-04-09T21:06:14+00:00","dateModified":"2025-06-04T13:17:57+00:00","breadcrumb":{"@id":"https:\/\/reachouthallco.org\/es\/educacion\/formacion-qpr\/#breadcrumb"},"inLanguage":"es","potentialAction":[{"@type":"ReadAction","target":["https:\/\/reachouthallco.org\/es\/educacion\/formacion-qpr\/"]}]},{"@type":"ImageObject","inLanguage":"es","@id":"https:\/\/reachouthallco.org\/es\/educacion\/formacion-qpr\/#primaryimage","url":"https:\/\/reachouthallco.org\/wp-content\/uploads\/2025\/05\/unitedway-70-1024x683.jpg","contentUrl":"https:\/\/reachouthallco.org\/wp-content\/uploads\/2025\/05\/unitedway-70-1024x683.jpg"},{"@type":"BreadcrumbList","@id":"https:\/\/reachouthallco.org\/es\/educacion\/formacion-qpr\/#breadcrumb","itemListElement":[{"@type":"ListItem","position":1,"name":"Home","item":"https:\/\/reachouthallco.org\/es\/"},{"@type":"ListItem","position":2,"name":"Educaci\u00f3n","item":"https:\/\/reachouthallco.org\/es\/education\/"},{"@type":"ListItem","position":3,"name":"Formaci\u00f3n QPR"}]},{"@type":"WebSite","@id":"https:\/\/reachouthallco.org\/es\/#website","url":"https:\/\/reachouthallco.org\/es\/","name":"Reach Out Hall County","description":"","publisher":{"@id":"https:\/\/reachouthallco.org\/es\/#organization"},"potentialAction":[{"@type":"SearchAction","target":{"@type":"EntryPoint","urlTemplate":"https:\/\/reachouthallco.org\/es\/?s={search_term_string}"},"query-input":{"@type":"PropertyValueSpecification","valueRequired":true,"valueName":"search_term_string"}}],"inLanguage":"es"},{"@type":"Organization","@id":"https:\/\/reachouthallco.org\/es\/#organization","name":"United Way of Hall County","url":"https:\/\/reachouthallco.org\/es\/","logo":{"@type":"ImageObject","inLanguage":"es","@id":"https:\/\/reachouthallco.org\/es\/#\/schema\/logo\/image\/","url":"https:\/\/reachouthallco.org\/wp-content\/uploads\/2025\/04\/reach-out-full-color.png","contentUrl":"https:\/\/reachouthallco.org\/wp-content\/uploads\/2025\/04\/reach-out-full-color.png","width":1756,"height":412,"caption":"United Way of Hall County"},"image":{"@id":"https:\/\/reachouthallco.org\/es\/#\/schema\/logo\/image\/"}}]}},"_links":{"self":[{"href":"https:\/\/reachouthallco.org\/es\/wp-json\/wp\/v2\/pages\/664","targetHints":{"allow":["GET"]}}],"collection":[{"href":"https:\/\/reachouthallco.org\/es\/wp-json\/wp\/v2\/pages"}],"about":[{"href":"https:\/\/reachouthallco.org\/es\/wp-json\/wp\/v2\/types\/page"}],"author":[{"embeddable":true,"href":"https:\/\/reachouthallco.org\/es\/wp-json\/wp\/v2\/users\/1"}],"replies":[{"embeddable":true,"href":"https:\/\/reachouthallco.org\/es\/wp-json\/wp\/v2\/comments?post=664"}],"version-history":[{"count":0,"href":"https:\/\/reachouthallco.org\/es\/wp-json\/wp\/v2\/pages\/664\/revisions"}],"up":[{"embeddable":true,"href":"https:\/\/reachouthallco.org\/es\/wp-json\/wp\/v2\/pages\/657"}],"wp:attachment":[{"href":"https:\/\/reachouthallco.org\/es\/wp-json\/wp\/v2\/media?parent=664"}],"curies":[{"name":"wp","href":"https:\/\/api.w.org\/{rel}","templated":true}]}}