{"id":658,"date":"2025-04-09T16:51:00","date_gmt":"2025-04-09T20:51:00","guid":{"rendered":"https:\/\/reachouthallco.org\/quienes-somos\/"},"modified":"2025-06-03T12:48:46","modified_gmt":"2025-06-03T16:48:46","slug":"quienes-somos","status":"publish","type":"page","link":"https:\/\/reachouthallco.org\/es\/quienes-somos\/","title":{"rendered":"Qui\u00e9nes somos"},"content":{"rendered":"<h1>Qui\u00e9nes somos<\/h1>\n<h6>Est\u00e1 bien no estar bien<\/h6>\n<h2>Recursos de bienestar mental para el condado de Hall<\/h2>\n<p>A trav\u00e9s del Plan de Juego Comunitario de United Way del Condado de Hall, que fue la culminaci\u00f3n de a\u00f1os de investigaci\u00f3n de las mayores necesidades del Condado de Hall, una de las mayores necesidades identificadas fue la de aumentar la concienciaci\u00f3n y los recursos para la salud mental. El Sistema Sanitario del Noreste de Georgia tambi\u00e9n hab\u00eda identificado recientemente, a trav\u00e9s de su Evaluaci\u00f3n de las Necesidades Sanitarias de la Comunidad, que la salud mental y conductual tendr\u00eda que ser una de las principales prioridades sanitarias de la regi\u00f3n. A partir de este conocimiento y bas\u00e1ndose en la informaci\u00f3n obtenida en sesiones de escucha en toda nuestra comunidad, se form\u00f3 un subcomit\u00e9 de colaboraci\u00f3n del Comit\u00e9 de Salud de United Way del Condado de Hall: El Comit\u00e9 de Salud Mental y del Comportamiento (MBH).  <\/p>\n<p>Imagina una comunidad en la que se reconozcan y traten las necesidades de salud mental y se aumente el acceso a los servicios de salud mental. \u00c9sa es la comunidad que estamos construyendo. <\/p>\n<p>\t\t\t\t\t\t\t\t\t\t\t\t\t\t\t<img decoding=\"async\" src=\"https:\/\/reachouthallco.org\/wp-content\/uploads\/elementor\/thumbs\/go-green-r639vkwhffxjns4j8ijq6uxoeookwx10gyogwp03d4.jpg\" title=\"go-green\" alt=\"mental-health committee\" loading=\"lazy\" \/>\t\t\t\t\t\t\t\t\t\t\t\t\t\t\t<\/p>\n<h2>Nuestras \u00e1reas prioritarias<\/h2>\n<p> Aumentar la concienciaci\u00f3n y los recursos para la salud mental es la principal prioridad sanitaria de nuestra regi\u00f3n.  Hace falta que todos nos unamos con un enfoque unificado para reconocer y tratar las necesidades de salud conductual de las personas donde y cuando necesiten atenci\u00f3n.<\/p>\n<p>\t\t\t\t\t\t\t\t\t\t\t\t\t\t\t<img fetchpriority=\"high\" decoding=\"async\" width=\"800\" height=\"520\" src=\"https:\/\/reachouthallco.org\/wp-content\/uploads\/2025\/05\/building-a-life.png\" alt=\"woman drinking coffee on couch\" srcset=\"https:\/\/reachouthallco.org\/wp-content\/uploads\/2025\/05\/building-a-life.png 1000w, https:\/\/reachouthallco.org\/wp-content\/uploads\/2025\/05\/building-a-life-300x195.png 300w, https:\/\/reachouthallco.org\/wp-content\/uploads\/2025\/05\/building-a-life-768x499.png 768w\" sizes=\"(max-width: 800px) 100vw, 800px\" \/><br \/>\n\t\t\t<svg aria-hidden=\"true\" viewBox=\"0 0 512 512\" xmlns=\"http:\/\/www.w3.org\/2000\/svg\"><path d=\"M256 8c137 0 248 111 248 248S393 504 256 504 8 393 8 256 119 8 256 8zm-28.9 143.6l75.5 72.4H120c-13.3 0-24 10.7-24 24v16c0 13.3 10.7 24 24 24h182.6l-75.5 72.4c-9.7 9.3-9.9 24.8-.4 34.3l11 10.9c9.4 9.4 24.6 9.4 33.9 0L404.3 273c9.4-9.4 9.4-24.6 0-33.9L271.6 106.3c-9.4-9.4-24.6-9.4-33.9 0l-11 10.9c-9.5 9.6-9.3 25.1.4 34.4z\"><\/path><\/svg>\t\t\t<\/p>\n<h2>Salud mental<\/h2>\n<p>\t\t\t\t\t\t\t\t\t\t\t\t\t\t\t<img decoding=\"async\" width=\"800\" height=\"534\" src=\"https:\/\/reachouthallco.org\/wp-content\/uploads\/2025\/04\/GettyImages-2151931358-1024x683.jpg\" alt=\"Mother and daughter talking and walking through the public park\" srcset=\"https:\/\/reachouthallco.org\/wp-content\/uploads\/2025\/04\/GettyImages-2151931358-1024x683.jpg 1024w, https:\/\/reachouthallco.org\/wp-content\/uploads\/2025\/04\/GettyImages-2151931358-300x200.jpg 300w, https:\/\/reachouthallco.org\/wp-content\/uploads\/2025\/04\/GettyImages-2151931358-768x512.jpg 768w, https:\/\/reachouthallco.org\/wp-content\/uploads\/2025\/04\/GettyImages-2151931358-1536x1025.jpg 1536w, https:\/\/reachouthallco.org\/wp-content\/uploads\/2025\/04\/GettyImages-2151931358-e1747935212461.jpg 1920w\" sizes=\"(max-width: 800px) 100vw, 800px\" \/><br \/>\n\t\t\t<svg aria-hidden=\"true\" viewBox=\"0 0 512 512\" xmlns=\"http:\/\/www.w3.org\/2000\/svg\"><path d=\"M256 8c137 0 248 111 248 248S393 504 256 504 8 393 8 256 119 8 256 8zm-28.9 143.6l75.5 72.4H120c-13.3 0-24 10.7-24 24v16c0 13.3 10.7 24 24 24h182.6l-75.5 72.4c-9.7 9.3-9.9 24.8-.4 34.3l11 10.9c9.4 9.4 24.6 9.4 33.9 0L404.3 273c9.4-9.4 9.4-24.6 0-33.9L271.6 106.3c-9.4-9.4-24.6-9.4-33.9 0l-11 10.9c-9.5 9.6-9.3 25.1.4 34.4z\"><\/path><\/svg>\t\t\t<\/p>\n<h2>Estilos de vida saludables<\/h2>\n<p>\t\t\t\t\t\t\t\t\t\t\t\t\t\t\t<img decoding=\"async\" width=\"800\" height=\"534\" src=\"https:\/\/reachouthallco.org\/wp-content\/uploads\/2025\/05\/GettyImages-1452736779-1024x683.jpg\" alt=\"Diverse men sit quietly in support of male friend\" srcset=\"https:\/\/reachouthallco.org\/wp-content\/uploads\/2025\/05\/GettyImages-1452736779-1024x683.jpg 1024w, https:\/\/reachouthallco.org\/wp-content\/uploads\/2025\/05\/GettyImages-1452736779-300x200.jpg 300w, https:\/\/reachouthallco.org\/wp-content\/uploads\/2025\/05\/GettyImages-1452736779-768x512.jpg 768w, https:\/\/reachouthallco.org\/wp-content\/uploads\/2025\/05\/GettyImages-1452736779-1536x1024.jpg 1536w, https:\/\/reachouthallco.org\/wp-content\/uploads\/2025\/05\/GettyImages-1452736779-2048x1365.jpg 2048w\" sizes=\"(max-width: 800px) 100vw, 800px\" \/><br \/>\n\t\t\t<svg aria-hidden=\"true\" viewBox=\"0 0 512 512\" xmlns=\"http:\/\/www.w3.org\/2000\/svg\"><path d=\"M256 8c137 0 248 111 248 248S393 504 256 504 8 393 8 256 119 8 256 8zm-28.9 143.6l75.5 72.4H120c-13.3 0-24 10.7-24 24v16c0 13.3 10.7 24 24 24h182.6l-75.5 72.4c-9.7 9.3-9.9 24.8-.4 34.3l11 10.9c9.4 9.4 24.6 9.4 33.9 0L404.3 273c9.4-9.4 9.4-24.6 0-33.9L271.6 106.3c-9.4-9.4-24.6-9.4-33.9 0l-11 10.9c-9.5 9.6-9.3 25.1.4 34.4z\"><\/path><\/svg>\t\t\t<\/p>\n<h2>Abuso de sustancias<\/h2>\n<p>\t\t\t\t\t\t\t\t\t\t\t\t\t\t\t<img loading=\"lazy\" decoding=\"async\" width=\"800\" height=\"534\" src=\"https:\/\/reachouthallco.org\/wp-content\/uploads\/2025\/04\/GettyImages-1523375230-1024x683.jpg\" alt=\"Young woman consoling her friend on the public park\" srcset=\"https:\/\/reachouthallco.org\/wp-content\/uploads\/2025\/04\/GettyImages-1523375230-1024x683.jpg 1024w, https:\/\/reachouthallco.org\/wp-content\/uploads\/2025\/04\/GettyImages-1523375230-300x200.jpg 300w, https:\/\/reachouthallco.org\/wp-content\/uploads\/2025\/04\/GettyImages-1523375230-768x512.jpg 768w, https:\/\/reachouthallco.org\/wp-content\/uploads\/2025\/04\/GettyImages-1523375230-1536x1024.jpg 1536w, https:\/\/reachouthallco.org\/wp-content\/uploads\/2025\/04\/GettyImages-1523375230-2048x1365.jpg 2048w\" sizes=\"(max-width: 800px) 100vw, 800px\" \/><br \/>\n\t\t\t<svg aria-hidden=\"true\" viewBox=\"0 0 512 512\" xmlns=\"http:\/\/www.w3.org\/2000\/svg\"><path d=\"M256 8c137 0 248 111 248 248S393 504 256 504 8 393 8 256 119 8 256 8zm-28.9 143.6l75.5 72.4H120c-13.3 0-24 10.7-24 24v16c0 13.3 10.7 24 24 24h182.6l-75.5 72.4c-9.7 9.3-9.9 24.8-.4 34.3l11 10.9c9.4 9.4 24.6 9.4 33.9 0L404.3 273c9.4-9.4 9.4-24.6 0-33.9L271.6 106.3c-9.4-9.4-24.6-9.4-33.9 0l-11 10.9c-9.5 9.6-9.3 25.1.4 34.4z\"><\/path><\/svg>\t\t\t<\/p>\n<h2>Prevenci\u00f3n del suicidio<\/h2>\n<p>\t\t\t\t\t\t\t\t\t\t\t\t\t\t\t<img loading=\"lazy\" decoding=\"async\" width=\"800\" height=\"600\" src=\"https:\/\/reachouthallco.org\/wp-content\/uploads\/2025\/05\/GoGreenGroup-1024x768.jpg\" alt=\"one hall go green committee holding signs outside building\" srcset=\"https:\/\/reachouthallco.org\/wp-content\/uploads\/2025\/05\/GoGreenGroup-1024x768.jpg 1024w, https:\/\/reachouthallco.org\/wp-content\/uploads\/2025\/05\/GoGreenGroup-300x225.jpg 300w, https:\/\/reachouthallco.org\/wp-content\/uploads\/2025\/05\/GoGreenGroup-768x576.jpg 768w, https:\/\/reachouthallco.org\/wp-content\/uploads\/2025\/05\/GoGreenGroup-1536x1152.jpg 1536w, https:\/\/reachouthallco.org\/wp-content\/uploads\/2025\/05\/GoGreenGroup.jpg 1600w\" sizes=\"(max-width: 800px) 100vw, 800px\" \/>\t\t\t\t\t\t\t\t\t\t\t\t\t\t\t<\/p>\n<h2>Nuestro Comit\u00e9 de Salud<\/h2>\n<p>\t\tLos miembros de nuestro comit\u00e9 de salud representan a profesionales locales y l\u00edderes comunitarios que trabajan para establecer objetivos y estrategias de \u00e1mbito comunitario que fomenten el bienestar en la comunidad. Educar a la comunidad del condado de Hall sobre la importancia del bienestar mental es esencial para acabar con los estigmas y estereotipos negativos, al tiempo que se fomentan soluciones sostenibles a nivel comunitario.<br \/>\n\t\t\t\t\t<a href=\"https:\/\/www.unitedwayhallcounty.org\/onehall-health\" target=\"_blank\"><br \/>\n\t\t\t\t<svg aria-hidden=\"true\" viewBox=\"0 0 448 512\" xmlns=\"http:\/\/www.w3.org\/2000\/svg\"><path d=\"M190.5 66.9l22.2-22.2c9.4-9.4 24.6-9.4 33.9 0L441 239c9.4 9.4 9.4 24.6 0 33.9L246.6 467.3c-9.4 9.4-24.6 9.4-33.9 0l-22.2-22.2c-9.5-9.5-9.3-25 .4-34.3L311.4 296H24c-13.3 0-24-10.7-24-24v-32c0-13.3 10.7-24 24-24h287.4L190.9 101.2c-9.8-9.3-10-24.8-.4-34.3z\"><\/path><\/svg><br \/>\n\t\t\t\t\t\t\t\t\tSaber m\u00e1s<br \/>\n\t\t\t\t\t<\/a><\/p>\n<h2>Ac\u00e9rcate a la Comunidad<\/h2>\n<p>\t\t\t\t\t\t\t\t\t\t\t\t\t\t\t<img loading=\"lazy\" decoding=\"async\" width=\"800\" height=\"532\" src=\"https:\/\/reachouthallco.org\/wp-content\/uploads\/2025\/05\/glenn-carstens-peters-npxXWgQ33ZQ-unsplash-1024x681.jpg\" alt=\"hands typing on laptop\" srcset=\"https:\/\/reachouthallco.org\/wp-content\/uploads\/2025\/05\/glenn-carstens-peters-npxXWgQ33ZQ-unsplash-1024x681.jpg 1024w, https:\/\/reachouthallco.org\/wp-content\/uploads\/2025\/05\/glenn-carstens-peters-npxXWgQ33ZQ-unsplash-300x200.jpg 300w, https:\/\/reachouthallco.org\/wp-content\/uploads\/2025\/05\/glenn-carstens-peters-npxXWgQ33ZQ-unsplash-768x511.jpg 768w, https:\/\/reachouthallco.org\/wp-content\/uploads\/2025\/05\/glenn-carstens-peters-npxXWgQ33ZQ-unsplash-1536x1022.jpg 1536w, https:\/\/reachouthallco.org\/wp-content\/uploads\/2025\/05\/glenn-carstens-peters-npxXWgQ33ZQ-unsplash-2048x1363.jpg 2048w\" sizes=\"(max-width: 800px) 100vw, 800px\" \/>\t\t\t\t\t\t\t\t\t\t\t\t\t\t\t<\/p>\n<h4>Lee nuestros blogs<\/h4>\n<p>Explora formas de mejorar tu salud mental y tu bienestar.  <\/p>\n<p>\t\t\t\t\t<a href=\"https:\/\/reachouthallco.org\/es\/recursos\/blog\/\"><br \/>\n\t\t\t\t<svg aria-hidden=\"true\" viewBox=\"0 0 448 512\" xmlns=\"http:\/\/www.w3.org\/2000\/svg\"><path d=\"M190.5 66.9l22.2-22.2c9.4-9.4 24.6-9.4 33.9 0L441 239c9.4 9.4 9.4 24.6 0 33.9L246.6 467.3c-9.4 9.4-24.6 9.4-33.9 0l-22.2-22.2c-9.5-9.5-9.3-25 .4-34.3L311.4 296H24c-13.3 0-24-10.7-24-24v-32c0-13.3 10.7-24 24-24h287.4L190.9 101.2c-9.8-9.3-10-24.8-.4-34.3z\"><\/path><\/svg><br \/>\n\t\t\t\t\t\t\t\t\tLee nuestros blogs<br \/>\n\t\t\t\t\t<\/a><br \/>\n\t\t\t\t\t\t\t\t\t\t\t\t\t\t\t<img loading=\"lazy\" decoding=\"async\" width=\"800\" height=\"448\" src=\"https:\/\/reachouthallco.org\/wp-content\/uploads\/2025\/05\/Screenshot2022-05-16105232-1024x574.jpg\" alt=\"Grid of faces of people from mental health public service announcement\" srcset=\"https:\/\/reachouthallco.org\/wp-content\/uploads\/2025\/05\/Screenshot2022-05-16105232-1024x574.jpg 1024w, https:\/\/reachouthallco.org\/wp-content\/uploads\/2025\/05\/Screenshot2022-05-16105232-300x168.jpg 300w, https:\/\/reachouthallco.org\/wp-content\/uploads\/2025\/05\/Screenshot2022-05-16105232-768x431.jpg 768w, https:\/\/reachouthallco.org\/wp-content\/uploads\/2025\/05\/Screenshot2022-05-16105232.jpg 1209w\" sizes=\"(max-width: 800px) 100vw, 800px\" \/>\t\t\t\t\t\t\t\t\t\t\t\t\t\t\t<\/p>\n<h4>Mira nuestros v\u00eddeos<\/h4>\n<p>Nuestra videoteca incluye debates de expertos, testimonios de miembros de la comunidad y mucho m\u00e1s.<\/p>\n<p>\t\t\t\t\t<a href=\"https:\/\/reachouthallco.org\/es\/videoteca\/\"><br \/>\n\t\t\t\t<svg aria-hidden=\"true\" viewBox=\"0 0 448 512\" xmlns=\"http:\/\/www.w3.org\/2000\/svg\"><path d=\"M190.5 66.9l22.2-22.2c9.4-9.4 24.6-9.4 33.9 0L441 239c9.4 9.4 9.4 24.6 0 33.9L246.6 467.3c-9.4 9.4-24.6 9.4-33.9 0l-22.2-22.2c-9.5-9.5-9.3-25 .4-34.3L311.4 296H24c-13.3 0-24-10.7-24-24v-32c0-13.3 10.7-24 24-24h287.4L190.9 101.2c-9.8-9.3-10-24.8-.4-34.3z\"><\/path><\/svg><br \/>\n\t\t\t\t\t\t\t\t\tVer nuestros v\u00eddeos<br \/>\n\t\t\t\t\t<\/a><\/p>\n","protected":false},"excerpt":{"rendered":"<p>Qui\u00e9nes somos Est\u00e1 bien no estar bien Recursos de bienestar mental para el condado de Hall A trav\u00e9s del Plan de Juego Comunitario de United Way del Condado de Hall, [&hellip;]<\/p>\n","protected":false},"author":1,"featured_media":0,"parent":0,"menu_order":0,"comment_status":"closed","ping_status":"closed","template":"","meta":{"footnotes":""},"class_list":["post-658","page","type-page","status-publish","hentry"],"yoast_head":"<!-- This site is optimized with the Yoast SEO plugin v27.1.1 - https:\/\/yoast.com\/product\/yoast-seo-wordpress\/ -->\n<title>Qui\u00e9nes somos - Reach Out Hall County<\/title>\n<meta name=\"robots\" content=\"index, follow, max-snippet:-1, max-image-preview:large, max-video-preview:-1\" \/>\n<link rel=\"canonical\" href=\"https:\/\/reachouthallco.org\/es\/quienes-somos\/\" \/>\n<meta property=\"og:locale\" content=\"es_ES\" \/>\n<meta property=\"og:type\" content=\"article\" \/>\n<meta property=\"og:title\" content=\"Qui\u00e9nes somos - Reach Out Hall County\" \/>\n<meta property=\"og:description\" content=\"Qui\u00e9nes somos Est\u00e1 bien no estar bien Recursos de bienestar mental para el condado de Hall A trav\u00e9s del Plan de Juego Comunitario de United Way del Condado de Hall, [&hellip;]\" \/>\n<meta property=\"og:url\" content=\"https:\/\/reachouthallco.org\/es\/quienes-somos\/\" \/>\n<meta property=\"og:site_name\" content=\"Reach Out Hall County\" \/>\n<meta property=\"article:modified_time\" content=\"2025-06-03T16:48:46+00:00\" \/>\n<meta property=\"og:image\" content=\"https:\/\/reachouthallco.org\/wp-content\/uploads\/elementor\/thumbs\/go-green-r639vkwhffxjns4j8ijq6uxoeookwx10gyogwp03d4.jpg\" \/>\n<meta name=\"twitter:card\" content=\"summary_large_image\" \/>\n<meta name=\"twitter:label1\" content=\"Est. reading time\" \/>\n\t<meta name=\"twitter:data1\" content=\"2 minutos\" \/>\n<script type=\"application\/ld+json\" class=\"yoast-schema-graph\">{\"@context\":\"https:\/\/schema.org\",\"@graph\":[{\"@type\":\"WebPage\",\"@id\":\"https:\/\/reachouthallco.org\/es\/quienes-somos\/\",\"url\":\"https:\/\/reachouthallco.org\/es\/quienes-somos\/\",\"name\":\"Qui\u00e9nes somos - Reach Out Hall County\",\"isPartOf\":{\"@id\":\"https:\/\/reachouthallco.org\/es\/#website\"},\"primaryImageOfPage\":{\"@id\":\"https:\/\/reachouthallco.org\/es\/quienes-somos\/#primaryimage\"},\"image\":{\"@id\":\"https:\/\/reachouthallco.org\/es\/quienes-somos\/#primaryimage\"},\"thumbnailUrl\":\"https:\/\/reachouthallco.org\/wp-content\/uploads\/elementor\/thumbs\/go-green-r639vkwhffxjns4j8ijq6uxoeookwx10gyogwp03d4.jpg\",\"datePublished\":\"2025-04-09T20:51:00+00:00\",\"dateModified\":\"2025-06-03T16:48:46+00:00\",\"breadcrumb\":{\"@id\":\"https:\/\/reachouthallco.org\/es\/quienes-somos\/#breadcrumb\"},\"inLanguage\":\"es\",\"potentialAction\":[{\"@type\":\"ReadAction\",\"target\":[\"https:\/\/reachouthallco.org\/es\/quienes-somos\/\"]}]},{\"@type\":\"ImageObject\",\"inLanguage\":\"es\",\"@id\":\"https:\/\/reachouthallco.org\/es\/quienes-somos\/#primaryimage\",\"url\":\"https:\/\/reachouthallco.org\/wp-content\/uploads\/elementor\/thumbs\/go-green-r639vkwhffxjns4j8ijq6uxoeookwx10gyogwp03d4.jpg\",\"contentUrl\":\"https:\/\/reachouthallco.org\/wp-content\/uploads\/elementor\/thumbs\/go-green-r639vkwhffxjns4j8ijq6uxoeookwx10gyogwp03d4.jpg\"},{\"@type\":\"BreadcrumbList\",\"@id\":\"https:\/\/reachouthallco.org\/es\/quienes-somos\/#breadcrumb\",\"itemListElement\":[{\"@type\":\"ListItem\",\"position\":1,\"name\":\"Home\",\"item\":\"https:\/\/reachouthallco.org\/es\/\"},{\"@type\":\"ListItem\",\"position\":2,\"name\":\"Qui\u00e9nes somos\"}]},{\"@type\":\"WebSite\",\"@id\":\"https:\/\/reachouthallco.org\/es\/#website\",\"url\":\"https:\/\/reachouthallco.org\/es\/\",\"name\":\"Reach Out Hall County\",\"description\":\"\",\"publisher\":{\"@id\":\"https:\/\/reachouthallco.org\/es\/#organization\"},\"potentialAction\":[{\"@type\":\"SearchAction\",\"target\":{\"@type\":\"EntryPoint\",\"urlTemplate\":\"https:\/\/reachouthallco.org\/es\/?s={search_term_string}\"},\"query-input\":{\"@type\":\"PropertyValueSpecification\",\"valueRequired\":true,\"valueName\":\"search_term_string\"}}],\"inLanguage\":\"es\"},{\"@type\":\"Organization\",\"@id\":\"https:\/\/reachouthallco.org\/es\/#organization\",\"name\":\"United Way of Hall County\",\"url\":\"https:\/\/reachouthallco.org\/es\/\",\"logo\":{\"@type\":\"ImageObject\",\"inLanguage\":\"es\",\"@id\":\"https:\/\/reachouthallco.org\/es\/#\/schema\/logo\/image\/\",\"url\":\"https:\/\/reachouthallco.org\/wp-content\/uploads\/2025\/04\/reach-out-full-color.png\",\"contentUrl\":\"https:\/\/reachouthallco.org\/wp-content\/uploads\/2025\/04\/reach-out-full-color.png\",\"width\":1756,\"height\":412,\"caption\":\"United Way of Hall County\"},\"image\":{\"@id\":\"https:\/\/reachouthallco.org\/es\/#\/schema\/logo\/image\/\"}}]}<\/script>\n<!-- \/ Yoast SEO plugin. -->","yoast_head_json":{"title":"Qui\u00e9nes somos - Reach Out Hall County","robots":{"index":"index","follow":"follow","max-snippet":"max-snippet:-1","max-image-preview":"max-image-preview:large","max-video-preview":"max-video-preview:-1"},"canonical":"https:\/\/reachouthallco.org\/es\/quienes-somos\/","og_locale":"es_ES","og_type":"article","og_title":"Qui\u00e9nes somos - Reach Out Hall County","og_description":"Qui\u00e9nes somos Est\u00e1 bien no estar bien Recursos de bienestar mental para el condado de Hall A trav\u00e9s del Plan de Juego Comunitario de United Way del Condado de Hall, [&hellip;]","og_url":"https:\/\/reachouthallco.org\/es\/quienes-somos\/","og_site_name":"Reach Out Hall County","article_modified_time":"2025-06-03T16:48:46+00:00","og_image":[{"url":"https:\/\/reachouthallco.org\/wp-content\/uploads\/elementor\/thumbs\/go-green-r639vkwhffxjns4j8ijq6uxoeookwx10gyogwp03d4.jpg","type":"","width":"","height":""}],"twitter_card":"summary_large_image","twitter_misc":{"Est. reading time":"2 minutos"},"schema":{"@context":"https:\/\/schema.org","@graph":[{"@type":"WebPage","@id":"https:\/\/reachouthallco.org\/es\/quienes-somos\/","url":"https:\/\/reachouthallco.org\/es\/quienes-somos\/","name":"Qui\u00e9nes somos - Reach Out Hall County","isPartOf":{"@id":"https:\/\/reachouthallco.org\/es\/#website"},"primaryImageOfPage":{"@id":"https:\/\/reachouthallco.org\/es\/quienes-somos\/#primaryimage"},"image":{"@id":"https:\/\/reachouthallco.org\/es\/quienes-somos\/#primaryimage"},"thumbnailUrl":"https:\/\/reachouthallco.org\/wp-content\/uploads\/elementor\/thumbs\/go-green-r639vkwhffxjns4j8ijq6uxoeookwx10gyogwp03d4.jpg","datePublished":"2025-04-09T20:51:00+00:00","dateModified":"2025-06-03T16:48:46+00:00","breadcrumb":{"@id":"https:\/\/reachouthallco.org\/es\/quienes-somos\/#breadcrumb"},"inLanguage":"es","potentialAction":[{"@type":"ReadAction","target":["https:\/\/reachouthallco.org\/es\/quienes-somos\/"]}]},{"@type":"ImageObject","inLanguage":"es","@id":"https:\/\/reachouthallco.org\/es\/quienes-somos\/#primaryimage","url":"https:\/\/reachouthallco.org\/wp-content\/uploads\/elementor\/thumbs\/go-green-r639vkwhffxjns4j8ijq6uxoeookwx10gyogwp03d4.jpg","contentUrl":"https:\/\/reachouthallco.org\/wp-content\/uploads\/elementor\/thumbs\/go-green-r639vkwhffxjns4j8ijq6uxoeookwx10gyogwp03d4.jpg"},{"@type":"BreadcrumbList","@id":"https:\/\/reachouthallco.org\/es\/quienes-somos\/#breadcrumb","itemListElement":[{"@type":"ListItem","position":1,"name":"Home","item":"https:\/\/reachouthallco.org\/es\/"},{"@type":"ListItem","position":2,"name":"Qui\u00e9nes somos"}]},{"@type":"WebSite","@id":"https:\/\/reachouthallco.org\/es\/#website","url":"https:\/\/reachouthallco.org\/es\/","name":"Reach Out Hall County","description":"","publisher":{"@id":"https:\/\/reachouthallco.org\/es\/#organization"},"potentialAction":[{"@type":"SearchAction","target":{"@type":"EntryPoint","urlTemplate":"https:\/\/reachouthallco.org\/es\/?s={search_term_string}"},"query-input":{"@type":"PropertyValueSpecification","valueRequired":true,"valueName":"search_term_string"}}],"inLanguage":"es"},{"@type":"Organization","@id":"https:\/\/reachouthallco.org\/es\/#organization","name":"United Way of Hall County","url":"https:\/\/reachouthallco.org\/es\/","logo":{"@type":"ImageObject","inLanguage":"es","@id":"https:\/\/reachouthallco.org\/es\/#\/schema\/logo\/image\/","url":"https:\/\/reachouthallco.org\/wp-content\/uploads\/2025\/04\/reach-out-full-color.png","contentUrl":"https:\/\/reachouthallco.org\/wp-content\/uploads\/2025\/04\/reach-out-full-color.png","width":1756,"height":412,"caption":"United Way of Hall County"},"image":{"@id":"https:\/\/reachouthallco.org\/es\/#\/schema\/logo\/image\/"}}]}},"_links":{"self":[{"href":"https:\/\/reachouthallco.org\/es\/wp-json\/wp\/v2\/pages\/658","targetHints":{"allow":["GET"]}}],"collection":[{"href":"https:\/\/reachouthallco.org\/es\/wp-json\/wp\/v2\/pages"}],"about":[{"href":"https:\/\/reachouthallco.org\/es\/wp-json\/wp\/v2\/types\/page"}],"author":[{"embeddable":true,"href":"https:\/\/reachouthallco.org\/es\/wp-json\/wp\/v2\/users\/1"}],"replies":[{"embeddable":true,"href":"https:\/\/reachouthallco.org\/es\/wp-json\/wp\/v2\/comments?post=658"}],"version-history":[{"count":0,"href":"https:\/\/reachouthallco.org\/es\/wp-json\/wp\/v2\/pages\/658\/revisions"}],"wp:attachment":[{"href":"https:\/\/reachouthallco.org\/es\/wp-json\/wp\/v2\/media?parent=658"}],"curies":[{"name":"wp","href":"https:\/\/api.w.org\/{rel}","templated":true}]}}