{"id":655,"date":"2025-04-09T16:51:31","date_gmt":"2025-04-09T20:51:31","guid":{"rendered":"https:\/\/reachouthallco.org\/recursos\/"},"modified":"2025-06-04T09:18:57","modified_gmt":"2025-06-04T13:18:57","slug":"recursos","status":"publish","type":"page","link":"https:\/\/reachouthallco.org\/es\/recursos\/","title":{"rendered":"Recursos"},"content":{"rendered":"\t\t<div data-elementor-type=\"wp-page\" data-elementor-id=\"655\" class=\"elementor elementor-655 elementor-25\" data-elementor-post-type=\"page\">\n\t\t\t\t<div class=\"elementor-element elementor-element-4770cfe2 e-con-full e-flex e-con e-parent\" data-id=\"4770cfe2\" data-element_type=\"container\" data-e-type=\"container\">\n\t\t<div class=\"elementor-element elementor-element-2bfc946f e-con-full e-flex e-con e-child\" data-id=\"2bfc946f\" data-element_type=\"container\" data-e-type=\"container\" data-settings=\"{&quot;background_background&quot;:&quot;classic&quot;}\">\n\t\t<div class=\"elementor-element elementor-element-4ffb0fa9 e-flex e-con-boxed e-con e-child\" data-id=\"4ffb0fa9\" data-element_type=\"container\" data-e-type=\"container\">\n\t\t\t\t\t<div class=\"e-con-inner\">\n\t\t\t\t\t<\/div>\n\t\t\t\t<\/div>\n\t\t\t\t<\/div>\n\t\t\t\t<\/div>\n\t\t<div class=\"elementor-element elementor-element-c2ad36e e-flex e-con-boxed elementor-invisible e-con e-parent\" data-id=\"c2ad36e\" data-element_type=\"container\" data-e-type=\"container\" data-settings=\"{&quot;animation&quot;:&quot;slideInUp&quot;}\">\n\t\t\t\t\t<div class=\"e-con-inner\">\n\t\t<div class=\"elementor-element elementor-element-89403d4 e-con-full e-flex e-con e-child\" data-id=\"89403d4\" data-element_type=\"container\" data-e-type=\"container\">\n\t\t\t\t<div class=\"elementor-element elementor-element-5148a39 elementor-widget elementor-widget-heading\" data-id=\"5148a39\" data-element_type=\"widget\" data-e-type=\"widget\" data-widget_type=\"heading.default\">\n\t\t\t\t<div class=\"elementor-widget-container\">\n\t\t\t\t\t<h2 class=\"elementor-heading-title elementor-size-default\">Estamos aqu\u00ed para ti<\/h2>\t\t\t\t<\/div>\n\t\t\t\t<\/div>\n\t\t\t\t<div class=\"elementor-element elementor-element-245346c elementor-widget elementor-widget-text-editor\" data-id=\"245346c\" data-element_type=\"widget\" data-e-type=\"widget\" data-widget_type=\"text-editor.default\">\n\t\t\t\t<div class=\"elementor-widget-container\">\n\t\t\t\t\t\t\t\t\t<p><span style=\"font-weight: 400;\">Hay una gran variedad de recursos disponibles para uso individual o comunitario. Esperamos que te resulten \u00fatiles y que las compartas para aumentar la concienciaci\u00f3n y la comprensi\u00f3n de las necesidades de salud mental en nuestra zona.<\/span><\/p>\t\t\t\t\t\t\t\t<\/div>\n\t\t\t\t<\/div>\n\t\t\t\t<\/div>\n\t\t<div class=\"elementor-element elementor-element-d993645 e-con-full e-flex e-con e-child\" data-id=\"d993645\" data-element_type=\"container\" data-e-type=\"container\">\n\t\t\t\t<div class=\"elementor-element elementor-element-1373691 elementor-widget elementor-widget-video\" data-id=\"1373691\" data-element_type=\"widget\" data-e-type=\"widget\" data-settings=\"{&quot;youtube_url&quot;:&quot;https:\\\/\\\/youtu.be\\\/RFu3W64_xMk&quot;,&quot;video_type&quot;:&quot;youtube&quot;,&quot;controls&quot;:&quot;yes&quot;}\" data-widget_type=\"video.default\">\n\t\t\t\t<div class=\"elementor-widget-container\">\n\t\t\t\t\t\t\t<div class=\"elementor-wrapper elementor-open-inline\">\n\t\t\t<div class=\"elementor-video\"><\/div>\t\t<\/div>\n\t\t\t\t\t\t<\/div>\n\t\t\t\t<\/div>\n\t\t\t\t<\/div>\n\t\t\t\t\t<\/div>\n\t\t\t\t<\/div>\n\t\t<div class=\"elementor-element elementor-element-35f6226 e-flex e-con-boxed elementor-invisible e-con e-parent\" data-id=\"35f6226\" data-element_type=\"container\" data-e-type=\"container\" data-settings=\"{&quot;animation&quot;:&quot;slideInUp&quot;}\">\n\t\t\t\t\t<div class=\"e-con-inner\">\n\t\t\t\t<div class=\"elementor-element elementor-element-8117497 elementor-widget elementor-widget-heading\" data-id=\"8117497\" data-element_type=\"widget\" data-e-type=\"widget\" data-widget_type=\"heading.default\">\n\t\t\t\t<div class=\"elementor-widget-container\">\n\t\t\t\t\t<h2 class=\"elementor-heading-title elementor-size-default\">Recursos por etapas de la vida<\/h2>\t\t\t\t<\/div>\n\t\t\t\t<\/div>\n\t\t\t\t\t<\/div>\n\t\t\t\t<\/div>\n\t\t<div class=\"elementor-element elementor-element-1d3df7e e-flex e-con-boxed elementor-invisible e-con e-parent\" data-id=\"1d3df7e\" data-element_type=\"container\" data-e-type=\"container\" data-settings=\"{&quot;animation&quot;:&quot;slideInUp&quot;}\">\n\t\t\t\t\t<div class=\"e-con-inner\">\n\t\t<a class=\"elementor-element elementor-element-b2d1ef3 e-con-full cta-small e-flex e-con e-child\" data-id=\"b2d1ef3\" data-element_type=\"container\" data-e-type=\"container\" href=\"https:\/\/reachouthallco.org\/es\/recursos\/ninos\/\">\n\t\t\t\t<div class=\"elementor-element elementor-element-0cb74d4 elementor-widget elementor-widget-image\" data-id=\"0cb74d4\" data-element_type=\"widget\" data-e-type=\"widget\" data-widget_type=\"image.default\">\n\t\t\t\t<div class=\"elementor-widget-container\">\n\t\t\t\t\t\t\t\t\t\t\t\t\t\t\t<img fetchpriority=\"high\" decoding=\"async\" width=\"800\" height=\"534\" src=\"https:\/\/reachouthallco.org\/wp-content\/uploads\/2025\/05\/GettyImages-200444997-001-1024x683.jpg\" class=\"attachment-large size-large wp-image-563\" alt=\"Sad looking girl in classroom\" srcset=\"https:\/\/reachouthallco.org\/wp-content\/uploads\/2025\/05\/GettyImages-200444997-001-1024x683.jpg 1024w, https:\/\/reachouthallco.org\/wp-content\/uploads\/2025\/05\/GettyImages-200444997-001-300x200.jpg 300w, https:\/\/reachouthallco.org\/wp-content\/uploads\/2025\/05\/GettyImages-200444997-001-768x512.jpg 768w, https:\/\/reachouthallco.org\/wp-content\/uploads\/2025\/05\/GettyImages-200444997-001-1536x1024.jpg 1536w, https:\/\/reachouthallco.org\/wp-content\/uploads\/2025\/05\/GettyImages-200444997-001-2048x1365.jpg 2048w\" sizes=\"(max-width: 800px) 100vw, 800px\" \/>\t\t\t\t\t\t\t\t\t\t\t\t\t\t\t<\/div>\n\t\t\t\t<\/div>\n\t\t\t\t<div class=\"elementor-element elementor-element-2d0e6b2 elementor-view-default elementor-widget elementor-widget-icon\" data-id=\"2d0e6b2\" data-element_type=\"widget\" data-e-type=\"widget\" data-widget_type=\"icon.default\">\n\t\t\t\t<div class=\"elementor-widget-container\">\n\t\t\t\t\t\t\t<div class=\"elementor-icon-wrapper\">\n\t\t\t<div class=\"elementor-icon\">\n\t\t\t<svg aria-hidden=\"true\" class=\"e-font-icon-svg e-fas-arrow-circle-right\" viewBox=\"0 0 512 512\" xmlns=\"http:\/\/www.w3.org\/2000\/svg\"><path d=\"M256 8c137 0 248 111 248 248S393 504 256 504 8 393 8 256 119 8 256 8zm-28.9 143.6l75.5 72.4H120c-13.3 0-24 10.7-24 24v16c0 13.3 10.7 24 24 24h182.6l-75.5 72.4c-9.7 9.3-9.9 24.8-.4 34.3l11 10.9c9.4 9.4 24.6 9.4 33.9 0L404.3 273c9.4-9.4 9.4-24.6 0-33.9L271.6 106.3c-9.4-9.4-24.6-9.4-33.9 0l-11 10.9c-9.5 9.6-9.3 25.1.4 34.4z\"><\/path><\/svg>\t\t\t<\/div>\n\t\t<\/div>\n\t\t\t\t\t\t<\/div>\n\t\t\t\t<\/div>\n\t\t\t\t<div class=\"elementor-element elementor-element-2d41c21 cta-small-heading elementor-widget elementor-widget-heading\" data-id=\"2d41c21\" data-element_type=\"widget\" data-e-type=\"widget\" data-widget_type=\"heading.default\">\n\t\t\t\t<div class=\"elementor-widget-container\">\n\t\t\t\t\t<h2 class=\"elementor-heading-title elementor-size-default\">Ni\u00f1os<\/h2>\t\t\t\t<\/div>\n\t\t\t\t<\/div>\n\t\t\t\t<\/a>\n\t\t<a class=\"elementor-element elementor-element-bb7cf77 e-con-full cta-small e-flex e-con e-child\" data-id=\"bb7cf77\" data-element_type=\"container\" data-e-type=\"container\" href=\"https:\/\/reachouthallco.org\/es\/recursos\/adolescentes\/\">\n\t\t\t\t<div class=\"elementor-element elementor-element-558e1d8 elementor-widget elementor-widget-image\" data-id=\"558e1d8\" data-element_type=\"widget\" data-e-type=\"widget\" data-widget_type=\"image.default\">\n\t\t\t\t<div class=\"elementor-widget-container\">\n\t\t\t\t\t\t\t\t\t\t\t\t\t\t\t<img decoding=\"async\" width=\"800\" height=\"534\" src=\"https:\/\/reachouthallco.org\/wp-content\/uploads\/2025\/04\/GettyImages-1555895726-1024x683.jpg\" class=\"attachment-large size-large wp-image-527\" alt=\"Father and son talking with a psychotherapist\" srcset=\"https:\/\/reachouthallco.org\/wp-content\/uploads\/2025\/04\/GettyImages-1555895726-1024x683.jpg 1024w, https:\/\/reachouthallco.org\/wp-content\/uploads\/2025\/04\/GettyImages-1555895726-300x200.jpg 300w, https:\/\/reachouthallco.org\/wp-content\/uploads\/2025\/04\/GettyImages-1555895726-768x512.jpg 768w, https:\/\/reachouthallco.org\/wp-content\/uploads\/2025\/04\/GettyImages-1555895726-1536x1025.jpg 1536w, https:\/\/reachouthallco.org\/wp-content\/uploads\/2025\/04\/GettyImages-1555895726-e1747935369191.jpg 1920w\" sizes=\"(max-width: 800px) 100vw, 800px\" \/>\t\t\t\t\t\t\t\t\t\t\t\t\t\t\t<\/div>\n\t\t\t\t<\/div>\n\t\t\t\t<div class=\"elementor-element elementor-element-831d84d elementor-view-default elementor-widget elementor-widget-icon\" data-id=\"831d84d\" data-element_type=\"widget\" data-e-type=\"widget\" data-widget_type=\"icon.default\">\n\t\t\t\t<div class=\"elementor-widget-container\">\n\t\t\t\t\t\t\t<div class=\"elementor-icon-wrapper\">\n\t\t\t<div class=\"elementor-icon\">\n\t\t\t<svg aria-hidden=\"true\" class=\"e-font-icon-svg e-fas-arrow-circle-right\" viewBox=\"0 0 512 512\" xmlns=\"http:\/\/www.w3.org\/2000\/svg\"><path d=\"M256 8c137 0 248 111 248 248S393 504 256 504 8 393 8 256 119 8 256 8zm-28.9 143.6l75.5 72.4H120c-13.3 0-24 10.7-24 24v16c0 13.3 10.7 24 24 24h182.6l-75.5 72.4c-9.7 9.3-9.9 24.8-.4 34.3l11 10.9c9.4 9.4 24.6 9.4 33.9 0L404.3 273c9.4-9.4 9.4-24.6 0-33.9L271.6 106.3c-9.4-9.4-24.6-9.4-33.9 0l-11 10.9c-9.5 9.6-9.3 25.1.4 34.4z\"><\/path><\/svg>\t\t\t<\/div>\n\t\t<\/div>\n\t\t\t\t\t\t<\/div>\n\t\t\t\t<\/div>\n\t\t\t\t<div class=\"elementor-element elementor-element-7e0df55 cta-small-heading elementor-widget elementor-widget-heading\" data-id=\"7e0df55\" data-element_type=\"widget\" data-e-type=\"widget\" data-widget_type=\"heading.default\">\n\t\t\t\t<div class=\"elementor-widget-container\">\n\t\t\t\t\t<h2 class=\"elementor-heading-title elementor-size-default\">Adolescentes<\/h2>\t\t\t\t<\/div>\n\t\t\t\t<\/div>\n\t\t\t\t<\/a>\n\t\t<a class=\"elementor-element elementor-element-9b4da8c e-con-full cta-small e-flex e-con e-child\" data-id=\"9b4da8c\" data-element_type=\"container\" data-e-type=\"container\" href=\"https:\/\/reachouthallco.org\/es\/recursos\/adultos-y-mano-de-obra\/\">\n\t\t\t\t<div class=\"elementor-element elementor-element-d6ed3c6 elementor-widget elementor-widget-image\" data-id=\"d6ed3c6\" data-element_type=\"widget\" data-e-type=\"widget\" data-widget_type=\"image.default\">\n\t\t\t\t<div class=\"elementor-widget-container\">\n\t\t\t\t\t\t\t\t\t\t\t\t\t\t\t<img decoding=\"async\" width=\"800\" height=\"534\" src=\"https:\/\/reachouthallco.org\/wp-content\/uploads\/2025\/04\/GettyImages-1948600368-1024x683.jpg\" class=\"attachment-large size-large wp-image-528\" alt=\"Businesswoman being consoled by her coworker at the office\" srcset=\"https:\/\/reachouthallco.org\/wp-content\/uploads\/2025\/04\/GettyImages-1948600368-1024x683.jpg 1024w, https:\/\/reachouthallco.org\/wp-content\/uploads\/2025\/04\/GettyImages-1948600368-300x200.jpg 300w, https:\/\/reachouthallco.org\/wp-content\/uploads\/2025\/04\/GettyImages-1948600368-768x512.jpg 768w, https:\/\/reachouthallco.org\/wp-content\/uploads\/2025\/04\/GettyImages-1948600368-1536x1025.jpg 1536w, https:\/\/reachouthallco.org\/wp-content\/uploads\/2025\/04\/GettyImages-1948600368-e1747935406856.jpg 1920w\" sizes=\"(max-width: 800px) 100vw, 800px\" \/>\t\t\t\t\t\t\t\t\t\t\t\t\t\t\t<\/div>\n\t\t\t\t<\/div>\n\t\t\t\t<div class=\"elementor-element elementor-element-3a56b2e elementor-view-default elementor-widget elementor-widget-icon\" data-id=\"3a56b2e\" data-element_type=\"widget\" data-e-type=\"widget\" data-widget_type=\"icon.default\">\n\t\t\t\t<div class=\"elementor-widget-container\">\n\t\t\t\t\t\t\t<div class=\"elementor-icon-wrapper\">\n\t\t\t<div class=\"elementor-icon\">\n\t\t\t<svg aria-hidden=\"true\" class=\"e-font-icon-svg e-fas-arrow-circle-right\" viewBox=\"0 0 512 512\" xmlns=\"http:\/\/www.w3.org\/2000\/svg\"><path d=\"M256 8c137 0 248 111 248 248S393 504 256 504 8 393 8 256 119 8 256 8zm-28.9 143.6l75.5 72.4H120c-13.3 0-24 10.7-24 24v16c0 13.3 10.7 24 24 24h182.6l-75.5 72.4c-9.7 9.3-9.9 24.8-.4 34.3l11 10.9c9.4 9.4 24.6 9.4 33.9 0L404.3 273c9.4-9.4 9.4-24.6 0-33.9L271.6 106.3c-9.4-9.4-24.6-9.4-33.9 0l-11 10.9c-9.5 9.6-9.3 25.1.4 34.4z\"><\/path><\/svg>\t\t\t<\/div>\n\t\t<\/div>\n\t\t\t\t\t\t<\/div>\n\t\t\t\t<\/div>\n\t\t\t\t<div class=\"elementor-element elementor-element-3aad4ba cta-small-heading elementor-widget elementor-widget-heading\" data-id=\"3aad4ba\" data-element_type=\"widget\" data-e-type=\"widget\" data-widget_type=\"heading.default\">\n\t\t\t\t<div class=\"elementor-widget-container\">\n\t\t\t\t\t<h2 class=\"elementor-heading-title elementor-size-default\">Adultos y mano de obra<\/h2>\t\t\t\t<\/div>\n\t\t\t\t<\/div>\n\t\t\t\t<\/a>\n\t\t<a class=\"elementor-element elementor-element-dba92fb e-con-full cta-small e-flex e-con e-child\" data-id=\"dba92fb\" data-element_type=\"container\" data-e-type=\"container\" href=\"https:\/\/reachouthallco.org\/es\/recursos\/mayores-y-cuidadores\/\">\n\t\t\t\t<div class=\"elementor-element elementor-element-78a03f3 elementor-widget elementor-widget-image\" data-id=\"78a03f3\" data-element_type=\"widget\" data-e-type=\"widget\" data-widget_type=\"image.default\">\n\t\t\t\t<div class=\"elementor-widget-container\">\n\t\t\t\t\t\t\t\t\t\t\t\t\t\t\t<img loading=\"lazy\" decoding=\"async\" width=\"800\" height=\"534\" src=\"https:\/\/reachouthallco.org\/wp-content\/uploads\/2025\/05\/GettyImages-1133252672-1024x683.jpg\" class=\"attachment-large size-large wp-image-571\" alt=\"Older woman looking out window pensively\" srcset=\"https:\/\/reachouthallco.org\/wp-content\/uploads\/2025\/05\/GettyImages-1133252672-1024x683.jpg 1024w, https:\/\/reachouthallco.org\/wp-content\/uploads\/2025\/05\/GettyImages-1133252672-300x200.jpg 300w, https:\/\/reachouthallco.org\/wp-content\/uploads\/2025\/05\/GettyImages-1133252672-768x512.jpg 768w, https:\/\/reachouthallco.org\/wp-content\/uploads\/2025\/05\/GettyImages-1133252672-1536x1024.jpg 1536w, https:\/\/reachouthallco.org\/wp-content\/uploads\/2025\/05\/GettyImages-1133252672-2048x1365.jpg 2048w\" sizes=\"(max-width: 800px) 100vw, 800px\" \/>\t\t\t\t\t\t\t\t\t\t\t\t\t\t\t<\/div>\n\t\t\t\t<\/div>\n\t\t\t\t<div class=\"elementor-element elementor-element-bea9fc3 elementor-view-default elementor-widget elementor-widget-icon\" data-id=\"bea9fc3\" data-element_type=\"widget\" data-e-type=\"widget\" data-widget_type=\"icon.default\">\n\t\t\t\t<div class=\"elementor-widget-container\">\n\t\t\t\t\t\t\t<div class=\"elementor-icon-wrapper\">\n\t\t\t<div class=\"elementor-icon\">\n\t\t\t<svg aria-hidden=\"true\" class=\"e-font-icon-svg e-fas-arrow-circle-right\" viewBox=\"0 0 512 512\" xmlns=\"http:\/\/www.w3.org\/2000\/svg\"><path d=\"M256 8c137 0 248 111 248 248S393 504 256 504 8 393 8 256 119 8 256 8zm-28.9 143.6l75.5 72.4H120c-13.3 0-24 10.7-24 24v16c0 13.3 10.7 24 24 24h182.6l-75.5 72.4c-9.7 9.3-9.9 24.8-.4 34.3l11 10.9c9.4 9.4 24.6 9.4 33.9 0L404.3 273c9.4-9.4 9.4-24.6 0-33.9L271.6 106.3c-9.4-9.4-24.6-9.4-33.9 0l-11 10.9c-9.5 9.6-9.3 25.1.4 34.4z\"><\/path><\/svg>\t\t\t<\/div>\n\t\t<\/div>\n\t\t\t\t\t\t<\/div>\n\t\t\t\t<\/div>\n\t\t\t\t<div class=\"elementor-element elementor-element-26ee01c cta-small-heading elementor-widget elementor-widget-heading\" data-id=\"26ee01c\" data-element_type=\"widget\" data-e-type=\"widget\" data-widget_type=\"heading.default\">\n\t\t\t\t<div class=\"elementor-widget-container\">\n\t\t\t\t\t<h2 class=\"elementor-heading-title elementor-size-default\">Mayores y cuidadores<\/h2>\t\t\t\t<\/div>\n\t\t\t\t<\/div>\n\t\t\t\t<\/a>\n\t\t\t\t\t<\/div>\n\t\t\t\t<\/div>\n\t\t<div class=\"elementor-element elementor-element-d37f494 e-flex e-con-boxed e-con e-parent\" data-id=\"d37f494\" data-element_type=\"container\" data-e-type=\"container\">\n\t\t\t\t\t<div class=\"e-con-inner\">\n\t\t\t\t<div class=\"elementor-element elementor-element-354f08b elementor-widget elementor-widget-spacer\" data-id=\"354f08b\" data-element_type=\"widget\" data-e-type=\"widget\" data-widget_type=\"spacer.default\">\n\t\t\t\t<div class=\"elementor-widget-container\">\n\t\t\t\t\t\t\t<div class=\"elementor-spacer\">\n\t\t\t<div class=\"elementor-spacer-inner\"><\/div>\n\t\t<\/div>\n\t\t\t\t\t\t<\/div>\n\t\t\t\t<\/div>\n\t\t\t\t\t<\/div>\n\t\t\t\t<\/div>\n\t\t\t\t<\/div>\n\t\t","protected":false},"excerpt":{"rendered":"<p>Estamos aqu\u00ed para ti Hay una gran variedad de recursos disponibles para uso individual o comunitario. Esperamos que te resulten \u00fatiles y que las compartas para aumentar la concienciaci\u00f3n y [&hellip;]<\/p>\n","protected":false},"author":1,"featured_media":0,"parent":0,"menu_order":0,"comment_status":"closed","ping_status":"closed","template":"","meta":{"footnotes":""},"class_list":["post-655","page","type-page","status-publish","hentry"],"yoast_head":"<!-- This site is optimized with the Yoast SEO plugin v27.1.1 - https:\/\/yoast.com\/product\/yoast-seo-wordpress\/ -->\n<title>Recursos - Reach Out Hall County<\/title>\n<meta name=\"robots\" content=\"index, follow, max-snippet:-1, max-image-preview:large, max-video-preview:-1\" \/>\n<link rel=\"canonical\" href=\"https:\/\/reachouthallco.org\/es\/recursos\/\" \/>\n<meta property=\"og:locale\" content=\"es_ES\" \/>\n<meta property=\"og:type\" content=\"article\" \/>\n<meta property=\"og:title\" content=\"Recursos - Reach Out Hall County\" \/>\n<meta property=\"og:description\" content=\"Estamos aqu\u00ed para ti Hay una gran variedad de recursos disponibles para uso individual o comunitario. Esperamos que te resulten \u00fatiles y que las compartas para aumentar la concienciaci\u00f3n y [&hellip;]\" \/>\n<meta property=\"og:url\" content=\"https:\/\/reachouthallco.org\/es\/recursos\/\" \/>\n<meta property=\"og:site_name\" content=\"Reach Out Hall County\" \/>\n<meta property=\"article:modified_time\" content=\"2025-06-04T13:18:57+00:00\" \/>\n<meta property=\"og:image\" content=\"https:\/\/reachouthallco.org\/wp-content\/uploads\/2025\/05\/GettyImages-200444997-001-1024x683.jpg\" \/>\n\t<meta property=\"og:image:width\" content=\"1024\" \/>\n\t<meta property=\"og:image:height\" content=\"683\" \/>\n\t<meta property=\"og:image:type\" content=\"image\/jpeg\" \/>\n<meta name=\"twitter:card\" content=\"summary_large_image\" \/>\n<script type=\"application\/ld+json\" class=\"yoast-schema-graph\">{\"@context\":\"https:\/\/schema.org\",\"@graph\":[{\"@type\":\"WebPage\",\"@id\":\"https:\/\/reachouthallco.org\/es\/recursos\/\",\"url\":\"https:\/\/reachouthallco.org\/es\/recursos\/\",\"name\":\"Recursos - Reach Out Hall County\",\"isPartOf\":{\"@id\":\"https:\/\/reachouthallco.org\/es\/#website\"},\"primaryImageOfPage\":{\"@id\":\"https:\/\/reachouthallco.org\/es\/recursos\/#primaryimage\"},\"image\":{\"@id\":\"https:\/\/reachouthallco.org\/es\/recursos\/#primaryimage\"},\"thumbnailUrl\":\"https:\/\/reachouthallco.org\/wp-content\/uploads\/2025\/05\/GettyImages-200444997-001-1024x683.jpg\",\"datePublished\":\"2025-04-09T20:51:31+00:00\",\"dateModified\":\"2025-06-04T13:18:57+00:00\",\"breadcrumb\":{\"@id\":\"https:\/\/reachouthallco.org\/es\/recursos\/#breadcrumb\"},\"inLanguage\":\"es\",\"potentialAction\":[{\"@type\":\"ReadAction\",\"target\":[\"https:\/\/reachouthallco.org\/es\/recursos\/\"]}]},{\"@type\":\"ImageObject\",\"inLanguage\":\"es\",\"@id\":\"https:\/\/reachouthallco.org\/es\/recursos\/#primaryimage\",\"url\":\"https:\/\/reachouthallco.org\/wp-content\/uploads\/2025\/05\/GettyImages-200444997-001-1024x683.jpg\",\"contentUrl\":\"https:\/\/reachouthallco.org\/wp-content\/uploads\/2025\/05\/GettyImages-200444997-001-1024x683.jpg\"},{\"@type\":\"BreadcrumbList\",\"@id\":\"https:\/\/reachouthallco.org\/es\/recursos\/#breadcrumb\",\"itemListElement\":[{\"@type\":\"ListItem\",\"position\":1,\"name\":\"Home\",\"item\":\"https:\/\/reachouthallco.org\/es\/\"},{\"@type\":\"ListItem\",\"position\":2,\"name\":\"Recursos\"}]},{\"@type\":\"WebSite\",\"@id\":\"https:\/\/reachouthallco.org\/es\/#website\",\"url\":\"https:\/\/reachouthallco.org\/es\/\",\"name\":\"Reach Out Hall County\",\"description\":\"\",\"publisher\":{\"@id\":\"https:\/\/reachouthallco.org\/es\/#organization\"},\"potentialAction\":[{\"@type\":\"SearchAction\",\"target\":{\"@type\":\"EntryPoint\",\"urlTemplate\":\"https:\/\/reachouthallco.org\/es\/?s={search_term_string}\"},\"query-input\":{\"@type\":\"PropertyValueSpecification\",\"valueRequired\":true,\"valueName\":\"search_term_string\"}}],\"inLanguage\":\"es\"},{\"@type\":\"Organization\",\"@id\":\"https:\/\/reachouthallco.org\/es\/#organization\",\"name\":\"United Way of Hall County\",\"url\":\"https:\/\/reachouthallco.org\/es\/\",\"logo\":{\"@type\":\"ImageObject\",\"inLanguage\":\"es\",\"@id\":\"https:\/\/reachouthallco.org\/es\/#\/schema\/logo\/image\/\",\"url\":\"https:\/\/reachouthallco.org\/wp-content\/uploads\/2025\/04\/reach-out-full-color.png\",\"contentUrl\":\"https:\/\/reachouthallco.org\/wp-content\/uploads\/2025\/04\/reach-out-full-color.png\",\"width\":1756,\"height\":412,\"caption\":\"United Way of Hall County\"},\"image\":{\"@id\":\"https:\/\/reachouthallco.org\/es\/#\/schema\/logo\/image\/\"}}]}<\/script>\n<!-- \/ Yoast SEO plugin. -->","yoast_head_json":{"title":"Recursos - Reach Out Hall County","robots":{"index":"index","follow":"follow","max-snippet":"max-snippet:-1","max-image-preview":"max-image-preview:large","max-video-preview":"max-video-preview:-1"},"canonical":"https:\/\/reachouthallco.org\/es\/recursos\/","og_locale":"es_ES","og_type":"article","og_title":"Recursos - Reach Out Hall County","og_description":"Estamos aqu\u00ed para ti Hay una gran variedad de recursos disponibles para uso individual o comunitario. Esperamos que te resulten \u00fatiles y que las compartas para aumentar la concienciaci\u00f3n y [&hellip;]","og_url":"https:\/\/reachouthallco.org\/es\/recursos\/","og_site_name":"Reach Out Hall County","article_modified_time":"2025-06-04T13:18:57+00:00","og_image":[{"width":1024,"height":683,"url":"https:\/\/reachouthallco.org\/wp-content\/uploads\/2025\/05\/GettyImages-200444997-001-1024x683.jpg","type":"image\/jpeg"}],"twitter_card":"summary_large_image","schema":{"@context":"https:\/\/schema.org","@graph":[{"@type":"WebPage","@id":"https:\/\/reachouthallco.org\/es\/recursos\/","url":"https:\/\/reachouthallco.org\/es\/recursos\/","name":"Recursos - Reach Out Hall County","isPartOf":{"@id":"https:\/\/reachouthallco.org\/es\/#website"},"primaryImageOfPage":{"@id":"https:\/\/reachouthallco.org\/es\/recursos\/#primaryimage"},"image":{"@id":"https:\/\/reachouthallco.org\/es\/recursos\/#primaryimage"},"thumbnailUrl":"https:\/\/reachouthallco.org\/wp-content\/uploads\/2025\/05\/GettyImages-200444997-001-1024x683.jpg","datePublished":"2025-04-09T20:51:31+00:00","dateModified":"2025-06-04T13:18:57+00:00","breadcrumb":{"@id":"https:\/\/reachouthallco.org\/es\/recursos\/#breadcrumb"},"inLanguage":"es","potentialAction":[{"@type":"ReadAction","target":["https:\/\/reachouthallco.org\/es\/recursos\/"]}]},{"@type":"ImageObject","inLanguage":"es","@id":"https:\/\/reachouthallco.org\/es\/recursos\/#primaryimage","url":"https:\/\/reachouthallco.org\/wp-content\/uploads\/2025\/05\/GettyImages-200444997-001-1024x683.jpg","contentUrl":"https:\/\/reachouthallco.org\/wp-content\/uploads\/2025\/05\/GettyImages-200444997-001-1024x683.jpg"},{"@type":"BreadcrumbList","@id":"https:\/\/reachouthallco.org\/es\/recursos\/#breadcrumb","itemListElement":[{"@type":"ListItem","position":1,"name":"Home","item":"https:\/\/reachouthallco.org\/es\/"},{"@type":"ListItem","position":2,"name":"Recursos"}]},{"@type":"WebSite","@id":"https:\/\/reachouthallco.org\/es\/#website","url":"https:\/\/reachouthallco.org\/es\/","name":"Reach Out Hall County","description":"","publisher":{"@id":"https:\/\/reachouthallco.org\/es\/#organization"},"potentialAction":[{"@type":"SearchAction","target":{"@type":"EntryPoint","urlTemplate":"https:\/\/reachouthallco.org\/es\/?s={search_term_string}"},"query-input":{"@type":"PropertyValueSpecification","valueRequired":true,"valueName":"search_term_string"}}],"inLanguage":"es"},{"@type":"Organization","@id":"https:\/\/reachouthallco.org\/es\/#organization","name":"United Way of Hall County","url":"https:\/\/reachouthallco.org\/es\/","logo":{"@type":"ImageObject","inLanguage":"es","@id":"https:\/\/reachouthallco.org\/es\/#\/schema\/logo\/image\/","url":"https:\/\/reachouthallco.org\/wp-content\/uploads\/2025\/04\/reach-out-full-color.png","contentUrl":"https:\/\/reachouthallco.org\/wp-content\/uploads\/2025\/04\/reach-out-full-color.png","width":1756,"height":412,"caption":"United Way of Hall County"},"image":{"@id":"https:\/\/reachouthallco.org\/es\/#\/schema\/logo\/image\/"}}]}},"_links":{"self":[{"href":"https:\/\/reachouthallco.org\/es\/wp-json\/wp\/v2\/pages\/655","targetHints":{"allow":["GET"]}}],"collection":[{"href":"https:\/\/reachouthallco.org\/es\/wp-json\/wp\/v2\/pages"}],"about":[{"href":"https:\/\/reachouthallco.org\/es\/wp-json\/wp\/v2\/types\/page"}],"author":[{"embeddable":true,"href":"https:\/\/reachouthallco.org\/es\/wp-json\/wp\/v2\/users\/1"}],"replies":[{"embeddable":true,"href":"https:\/\/reachouthallco.org\/es\/wp-json\/wp\/v2\/comments?post=655"}],"version-history":[{"count":0,"href":"https:\/\/reachouthallco.org\/es\/wp-json\/wp\/v2\/pages\/655\/revisions"}],"wp:attachment":[{"href":"https:\/\/reachouthallco.org\/es\/wp-json\/wp\/v2\/media?parent=655"}],"curies":[{"name":"wp","href":"https:\/\/api.w.org\/{rel}","templated":true}]}}